{"id":18,"date":"2023-05-01T08:28:36","date_gmt":"2023-05-01T08:28:36","guid":{"rendered":"https:\/\/magnetic.questo.nl\/?page_id=18"},"modified":"2025-08-18T14:22:30","modified_gmt":"2025-08-18T14:22:30","slug":"a-propos-de-nous","status":"publish","type":"page","link":"https:\/\/www.magneticinnovations.com\/fr\/about-us\/","title":{"rendered":"\u00e0 propos de nous"},"content":{"rendered":"<section class=\"l-section wpb_row height_auto\"><div class=\"l-section-h i-cf\"><div class=\"g-cols vc_row via_flex valign_top type_default stacking_default\"><div class=\"vc_col-sm-12 wpb_column vc_column_container\"><div class=\"vc_column-inner\"><div class=\"wpb_wrapper\"><div class=\"w-separator size_custom\" style=\"height:66px\" id=\"b4aa\"><style>@media(max-width:1379px){ #b4aa{height:2rem!important}}@media(max-width:900px){ #b4aa{height:0!important}}<\/style><\/div><div class=\"w-image align_none\"><div class=\"w-image-h\"><img decoding=\"async\" width=\"1400\" height=\"500\" src=\"https:\/\/www.magneticinnovations.com\/wp-content\/uploads\/2023\/09\/pmsm-manufacturer-magnetic-innovations.jpg\" class=\"attachment-full size-full\" alt=\"\" loading=\"lazy\" srcset=\"https:\/\/www.magneticinnovations.com\/wp-content\/uploads\/2023\/09\/pmsm-manufacturer-magnetic-innovations.jpg 1400w, https:\/\/www.magneticinnovations.com\/wp-content\/uploads\/2023\/09\/pmsm-manufacturer-magnetic-innovations-18x6.jpg 18w, https:\/\/www.magneticinnovations.com\/wp-content\/uploads\/2023\/09\/pmsm-manufacturer-magnetic-innovations-1000x357.jpg 1000w\" sizes=\"auto, (max-width: 1400px) 100vw, 1400px\" \/><\/div><\/div><\/div><\/div><\/div><\/div><\/div><\/section><section class=\"l-section wpb_row us_custom_ea15b364 height_medium\"><div class=\"l-section-h i-cf\"><div class=\"g-cols vc_row via_flex valign_top type_default stacking_default\"><div class=\"vc_col-sm-6 wpb_column vc_column_container\"><div class=\"vc_column-inner us_custom_7892d4c8\"><div class=\"wpb_wrapper\"><div class=\"wpb_text_column us_custom_54456bbe\"><div class=\"wpb_wrapper\"><h6 class=\"translation-block\">Notre mission et <br> notre vision<\/h6>\n<\/div><\/div><\/div><\/div><\/div><div class=\"vc_col-sm-6 wpb_column vc_column_container\"><div class=\"vc_column-inner us_custom_a5ef9130\"><div class=\"wpb_wrapper\"><div class=\"wpb_text_column\"><div class=\"wpb_wrapper\"><p>Notre mission et notre vision sont de devenir le premier fournisseur de moteurs \u00e0 entra\u00eenement direct et d'actionneurs lin\u00e9aires haut de gamme sur mesure. Nous visons l'excellence et allons plus loin en mettant la qualit\u00e9 au c\u0153ur de tout ce que nous faisons.<\/p>\n<p>Nous pensons que l'innovation technique et un avenir durable peuvent aller main dans la main. Les industries se d\u00e9veloppent, tout comme la demande de solutions \u00e9lectromagn\u00e9tiques et de l'\u00e9nergie n\u00e9cessaire \u00e0 leur fonctionnement. Comme nos moteurs r\u00e9pondent \u00e0 la classe d'efficacit\u00e9 la plus \u00e9lev\u00e9e, nous contribuons \u00e0 la durabilit\u00e9 des innovations.<\/p>\n<\/div><\/div><div class=\"w-btn-wrapper align_none\"><a class=\"w-btn us-btn-style_7\" href=\"\/fr\/nous-contacter\/\"><span class=\"w-btn-label\">Nous contacter<\/span><\/a><\/div><div class=\"w-btn-wrapper align_none\"><a class=\"w-btn us-btn-style_1\" href=\"\/fr\/carrieres\/\"><span class=\"w-btn-label\">Carri\u00e8res<\/span><\/a><\/div><\/div><\/div><\/div><\/div><\/div><\/section><section class=\"l-section wpb_row height_medium\"><div class=\"l-section-h i-cf\"><div class=\"g-cols vc_row via_flex valign_top type_default stacking_default\"><div class=\"vc_col-sm-3 wpb_column vc_column_container\"><div class=\"vc_column-inner\"><div class=\"wpb_wrapper\"><div class=\"wpb_text_column us_custom_0d9e4816 has_text_color\"><div class=\"wpb_wrapper\"><h3 style=\"text-align: center;\" class=\"translation-block\">Produits de haute  <br> qualit\u00e9<\/h3>\n<\/div><\/div><\/div><\/div><\/div><div class=\"vc_col-sm-3 wpb_column vc_column_container\"><div class=\"vc_column-inner\"><div class=\"wpb_wrapper\"><div class=\"wpb_text_column us_custom_0d9e4816 has_text_color\"><div class=\"wpb_wrapper\"><h3 style=\"text-align: center;\">Ing\u00e9nierie<br \/>\nde pr\u00e9cision<\/h3>\n<\/div><\/div><\/div><\/div><\/div><div class=\"vc_col-sm-3 wpb_column vc_column_container\"><div class=\"vc_column-inner\"><div class=\"wpb_wrapper\"><div class=\"wpb_text_column us_custom_0d9e4816 has_text_color\"><div class=\"wpb_wrapper\"><h3 style=\"text-align: center;\">Un partenaire<br \/>\nfiable<\/h3>\n<\/div><\/div><\/div><\/div><\/div><div class=\"vc_col-sm-3 wpb_column vc_column_container\"><div class=\"vc_column-inner\"><div class=\"wpb_wrapper\"><div class=\"wpb_text_column us_custom_0d9e4816 has_text_color\"><div class=\"wpb_wrapper\"><h3 style=\"text-align: center;\">Des experts<br \/>\nde l'industrie<\/h3>\n<\/div><\/div><\/div><\/div><\/div><\/div><\/div><\/section><section class=\"l-section wpb_row height_auto\"><div class=\"l-section-h i-cf\"><div class=\"g-cols vc_row via_flex valign_top type_default stacking_default\"><div class=\"vc_col-sm-12 wpb_column vc_column_container\"><div class=\"vc_column-inner\"><div class=\"wpb_wrapper\"><div class=\"w-separator us_custom_2cc16421 size_custom\" style=\"height:2px\"><\/div><div class=\"w-separator size_small\"><\/div><\/div><\/div><\/div><\/div><\/div><\/section><section class=\"l-section wpb_row height_medium\"><div class=\"l-section-h i-cf\"><div class=\"g-cols vc_row via_flex valign_top type_default stacking_default\" style=\"--additional-gap:3rem;\"><div class=\"vc_col-sm-6 wpb_column vc_column_container\"><div class=\"vc_column-inner\"><div class=\"wpb_wrapper\"><div class=\"w-image align_none\"><div class=\"w-image-h\"><img decoding=\"async\" width=\"800\" height=\"500\" src=\"https:\/\/www.magneticinnovations.com\/wp-content\/uploads\/2023\/05\/about_us_leadership-800x500px.jpg\" class=\"attachment-full size-full\" alt=\"Directeurs innovations magn\u00e9tiques\" loading=\"lazy\" srcset=\"https:\/\/www.magneticinnovations.com\/wp-content\/uploads\/2023\/05\/about_us_leadership-800x500px.jpg 800w, https:\/\/www.magneticinnovations.com\/wp-content\/uploads\/2023\/05\/about_us_leadership-800x500px-300x188.jpg 300w\" sizes=\"auto, (max-width: 800px) 100vw, 800px\" \/><\/div><\/div><\/div><\/div><\/div><div class=\"vc_col-sm-6 wpb_column vc_column_container\"><div class=\"vc_column-inner us_custom_8b797dc5\"><div class=\"wpb_wrapper\"><div class=\"wpb_text_column\"><div class=\"wpb_wrapper\"><p>Magnetic Innovations, ancr\u00e9e dans l'industrie de la haute technologie, a son si\u00e8ge dans la r\u00e9gion n\u00e9erlandaise de Brainport. Notre mission principale est de concevoir et d'introduire des moteurs \u00e9lectrom\u00e9caniques innovants qui d\u00e9passent les attentes des clients.<\/p>\n<p>Comme l'a dit notre directeur Bart van den Broek, nous voulons d\u00e9passer les attentes des clients. Nous ne croyons pas en une mentalit\u00e9 de standardisation. Chaque client est unique et ses applications le sont aussi.<br \/>\nC'est pourquoi nous adaptons \u00e9galement nos produits \u00e0 leurs besoins sp\u00e9cifiques. Nous d\u00e9veloppons nos moteurs et nos prototypes sur la base des exigences de nos clients.<\/p>\n<\/div><\/div><\/div><\/div><\/div><\/div><\/div><\/section><section class=\"l-section wpb_row height_medium\"><div class=\"l-section-h i-cf\"><div class=\"g-cols vc_row via_flex valign_top type_default stacking_default\"><div class=\"vc_col-sm-4 wpb_column vc_column_container\"><div class=\"vc_column-inner\"><div class=\"wpb_wrapper\"><\/div><\/div><\/div><div class=\"vc_col-sm-8 wpb_column vc_column_container\"><div class=\"vc_column-inner us_custom_da1a9854\"><div class=\"wpb_wrapper\"><div class=\"wpb_text_column us_custom_6e74c4b0\"><div class=\"wpb_wrapper\"><h3>Fa\u00e7on de travailler<\/h3>\n<p>Chez Magnetic Innovations, nous prenons soin de comprendre les besoins et les souhaits de nos clients et de les satisfaire. Pour ce faire, nous fonctionnons selon un flux de travail standard. Nous sommes ainsi en mesure de cr\u00e9er aujourd'hui la technologie de demain!<\/p>\n<ol>\n<li>Recueillir et analyser les besoins<\/li>\n<li>D\u00e9finition des sp\u00e9cifications<\/li>\n<li>Prototypage et essais<\/li>\n<li>Assistance continue<\/li>\n<li>Logistique de haute qualit\u00e9<\/li>\n<li>Production<\/li>\n<\/ol>\n<p>Nous commen\u00e7ons toujours par recueillir et analyser vos besoins. Contactez-nous par e-mail ou par t\u00e9l\u00e9phone pour lancer ce processus. Apr\u00e8s avoir bien compris les besoins, une approche approfondie est adopt\u00e9e pour rechercher et d\u00e9velopper la meilleure solution pour votre application.<\/p>\n<\/div><\/div><div class=\"w-separator size_small\"><\/div><\/div><\/div><\/div><\/div><\/div><\/section><section class=\"l-section wpb_row height_small\"><div class=\"l-section-h i-cf\"><div class=\"g-cols vc_row via_flex valign_top type_default stacking_default\"><div class=\"vc_col-sm-12 wpb_column vc_column_container\"><div class=\"vc_column-inner\"><div class=\"wpb_wrapper\"><div class=\"w-image align_none\"><div class=\"w-image-h\"><img decoding=\"async\" src=\"https:\/\/www.magneticinnovations.com\/wp-content\/uploads\/2023\/12\/Our-way-of-working-FR.jpg\" class=\"attachment-full size-full\" alt=\"\" loading=\"lazy\" \/><\/div><\/div><\/div><\/div><\/div><\/div><\/div><\/section><section class=\"l-section wpb_row height_medium\"><div class=\"l-section-h i-cf\"><div class=\"g-cols vc_row via_flex valign_top type_default stacking_default\"><div class=\"vc_col-sm-4 wpb_column vc_column_container\"><div class=\"vc_column-inner\"><div class=\"wpb_wrapper\"><\/div><\/div><\/div><div class=\"vc_col-sm-8 wpb_column vc_column_container\"><div class=\"vc_column-inner\"><div class=\"wpb_wrapper\"><div class=\"wpb_text_column us_custom_6e74c4b0\"><div class=\"wpb_wrapper\"><p>Gr\u00e2ce \u00e0 notre philosophie de conception bonne du premier coup, nous sommes en mesure de construire pour vous un prototype aussi proche que possible du produit de production final, \u00e9vitant ainsi de multiples it\u00e9rations. Cela vous permet de tester et d'optimiser les applications \u00e0 un stade pr\u00e9coce et de raccourcir le d\u00e9lai de mise sur le march\u00e9.<\/p>\n<p>En nous choisissant, vous b\u00e9n\u00e9ficiez d'une assistance continue, nous vous guiderons tout au long de votre parcours en partageant notre expertise et en vous apportant notre soutien si n\u00e9cessaire.<\/p>\n<p>Nous savons que les livraisons juste \u00e0 temps sont essentielles. Notre rapidit\u00e9 de r\u00e9action et le retour d'information de nos clients garantissent une fabrication et une logistique efficaces, tout en permettant l'exp\u00e9dition \u00e0 partir de diff\u00e9rents endroits dans le monde.<\/p>\n<p>Notre <a href=\"https:\/\/www.magneticinnovations.com\/fr\/magnetic-innovations-est-certifiee-iso-90012015\/\">certifi\u00e9es ISO 9001<\/a> garantissent les normes de qualit\u00e9 \u00e9lev\u00e9es n\u00e9cessaires \u00e0 la fabrication de vos moteurs. La fiabilit\u00e9 est garantie.<\/p>\n<\/div><\/div><\/div><\/div><\/div><\/div><\/div><\/section><section class=\"l-section wpb_row height_medium\"><div class=\"l-section-h i-cf\"><div class=\"g-cols vc_row via_flex valign_top type_boxes stacking_default\"><div class=\"vc_col-sm-12 wpb_column vc_column_container has_bg_color\"><div class=\"vc_column-inner us_custom_08ca2f3b\"><div class=\"wpb_wrapper\"><div class=\"g-cols wpb_row us_custom_7030bfe0 via_flex valign_top type_default stacking_default\"><div class=\"vc_col-sm-4 wpb_column vc_column_container\"><div class=\"vc_column-inner\"><div class=\"wpb_wrapper\"><\/div><\/div><\/div><div class=\"vc_col-sm-8 wpb_column vc_column_container\"><div class=\"vc_column-inner us_custom_205d5a17\"><div class=\"wpb_wrapper\"><div class=\"wpb_text_column us_custom_a647d57e has_text_color\"><div class=\"wpb_wrapper\"><h3>Fonctionne \u00e0 l'\u00e9chelle mondiale<\/h3>\n<p>Magnetic Innovations op\u00e8re \u00e0 l'\u00e9chelle mondiale et s'engage \u00e0 servir ses clients dans le monde entier. O\u00f9 que vous soyez, nous nous engageons \u00e0 vous fournir nos conceptions innovantes de moteurs \u00e9lectrom\u00e9caniques et un service exceptionnel pour r\u00e9pondre \u00e0 vos besoins.<\/p>\n<\/div><\/div><\/div><\/div><\/div><\/div><\/div><\/div><\/div><\/div><\/div><\/section><section class=\"l-section wpb_row height_medium\"><div class=\"l-section-h i-cf\"><div class=\"g-cols vc_row via_flex valign_top type_default stacking_default\"><div class=\"vc_col-sm-12 wpb_column vc_column_container\"><div class=\"vc_column-inner\"><div class=\"wpb_wrapper\"><div class=\"g-cols wpb_row via_flex valign_top type_default stacking_default\"><div class=\"vc_col-sm-4 wpb_column vc_column_container\"><div class=\"vc_column-inner\"><div class=\"wpb_wrapper\"><\/div><\/div><\/div><div class=\"vc_col-sm-8 wpb_column vc_column_container\"><div class=\"vc_column-inner\"><div class=\"wpb_wrapper\"><div class=\"wpb_text_column us_custom_8e718ca8\"><div class=\"wpb_wrapper\"><h3>Certifi\u00e9es ISO 9001<\/h3>\n<\/div><\/div><\/div><\/div><\/div><\/div><div class=\"g-cols wpb_row via_flex valign_top type_default reversed stacking_default\"><div class=\"vc_col-sm-4 wpb_column vc_column_container\"><div class=\"vc_column-inner\"><div class=\"wpb_wrapper\"><div class=\"w-image us_custom_f5d1d533 align_none\"><div class=\"w-image-h\"><img decoding=\"async\" width=\"250\" height=\"272\" src=\"https:\/\/www.magneticinnovations.com\/wp-content\/uploads\/2023\/06\/certified_iso_9001-250x272px.jpg\" class=\"attachment-full size-full\" alt=\"Certifi\u00e9 ISO\" loading=\"lazy\" \/><\/div><\/div><\/div><\/div><\/div><div class=\"vc_col-sm-8 wpb_column vc_column_container\"><div class=\"vc_column-inner\"><div class=\"wpb_wrapper\"><div class=\"wpb_text_column us_custom_6e74c4b0\"><div class=\"wpb_wrapper\"><p>Pour garantir l'excellente qualit\u00e9 de nos produits, nous disposons d'un personnel exceptionnel dans nos locaux. <a href=\"https:\/\/www.magneticinnovations.com\/fr\/magnetic-innovations-est-certifiee-iso-90012015\/\">Certifi\u00e9 ISO 9001<\/a> Ils collaborent \u00e9troitement avec notre service de recherche et de d\u00e9veloppement pour s'assurer que nous r\u00e9pondons \u00e0 toutes les exigences de nos clients. Ils collaborent \u00e9troitement avec notre d\u00e9partement de recherche et de d\u00e9veloppement pour s'assurer que nous r\u00e9pondons \u00e0 toutes les exigences des clients.<\/p>\n<\/div><\/div><div class=\"w-btn-wrapper align_none\"><a class=\"w-btn us-btn-style_7\" href=\"\/fr\/normes-de-certification\/\"><span class=\"w-btn-label\">Voir toutes les certifications et normes<\/span><\/a><\/div><\/div><\/div><\/div><\/div><\/div><\/div><\/div><\/div><\/div><\/section><section class=\"l-section wpb_row height_medium\"><div class=\"l-section-h i-cf\"><div class=\"g-cols vc_row via_flex valign_top type_default stacking_default\"><div class=\"vc_col-sm-12 wpb_column vc_column_container\"><div class=\"vc_column-inner\"><div class=\"vc_column-overlay\" style=\"background:#f2f2f2\"><\/div><div class=\"wpb_wrapper\"><div class=\"w-separator size_medium\"><\/div><div class=\"wpb_text_column us_custom_0d9e4816 has_text_color\"><div class=\"wpb_wrapper\"><h6 style=\"text-align: center;\">Notre \u00e9quipe d'assistance<\/h6>\n<\/div><\/div><div class=\"w-separator size_medium\"><\/div><div class=\"g-cols wpb_row via_flex valign_top type_default stacking_default\"><div class=\"vc_col-sm-4 wpb_column vc_column_container\"><div class=\"vc_column-inner\"><div class=\"wpb_wrapper\"><div class=\"w-image align_none\"><div class=\"w-image-h\"><img decoding=\"async\" width=\"800\" height=\"800\" src=\"https:\/\/www.magneticinnovations.com\/wp-content\/uploads\/2023\/06\/Said-800x800px.jpg\" class=\"attachment-full size-full\" alt=\"\" loading=\"lazy\" srcset=\"https:\/\/www.magneticinnovations.com\/wp-content\/uploads\/2023\/06\/Said-800x800px.jpg 800w, https:\/\/www.magneticinnovations.com\/wp-content\/uploads\/2023\/06\/Said-800x800px-300x300.jpg 300w, https:\/\/www.magneticinnovations.com\/wp-content\/uploads\/2023\/06\/Said-800x800px-150x150.jpg 150w\" sizes=\"auto, (max-width: 800px) 100vw, 800px\" \/><\/div><\/div><div class=\"w-separator size_medium\"><\/div><div class=\"wpb_text_column us_custom_c901145c\"><div class=\"wpb_wrapper\"><h3>Sa\u00efd Lafkiri<\/h3>\n<\/div><\/div><div class=\"wpb_text_column us_custom_0d9e4816 has_text_color\"><div class=\"wpb_wrapper\"><p>Ing\u00e9nieur commercial<\/p>\n<\/div><\/div><\/div><\/div><\/div><div class=\"vc_col-sm-4 wpb_column vc_column_container\"><div class=\"vc_column-inner\"><div class=\"wpb_wrapper\"><div class=\"w-image align_none\"><div class=\"w-image-h\"><img decoding=\"async\" width=\"800\" height=\"800\" src=\"https:\/\/www.magneticinnovations.com\/wp-content\/uploads\/2023\/06\/Priscilla-800x800px.jpg\" class=\"attachment-full size-full\" alt=\"\" loading=\"lazy\" srcset=\"https:\/\/www.magneticinnovations.com\/wp-content\/uploads\/2023\/06\/Priscilla-800x800px.jpg 800w, https:\/\/www.magneticinnovations.com\/wp-content\/uploads\/2023\/06\/Priscilla-800x800px-300x300.jpg 300w, https:\/\/www.magneticinnovations.com\/wp-content\/uploads\/2023\/06\/Priscilla-800x800px-150x150.jpg 150w\" sizes=\"auto, (max-width: 800px) 100vw, 800px\" \/><\/div><\/div><div class=\"w-separator size_medium\"><\/div><div class=\"wpb_text_column us_custom_c901145c\"><div class=\"wpb_wrapper\"><h3>Priscilla van der Kleij<\/h3>\n<\/div><\/div><div class=\"wpb_text_column us_custom_0d9e4816 has_text_color\"><div class=\"wpb_wrapper\"><p>Responsable marketing et commercial<\/p>\n<\/div><\/div><\/div><\/div><\/div><div class=\"vc_col-sm-4 wpb_column vc_column_container\"><div class=\"vc_column-inner\"><div class=\"wpb_wrapper\"><div class=\"w-image align_none\"><div class=\"w-image-h\"><img decoding=\"async\" width=\"800\" height=\"800\" src=\"https:\/\/www.magneticinnovations.com\/wp-content\/uploads\/2023\/06\/Cor-800x800px.jpg\" class=\"attachment-full size-full\" alt=\"\" loading=\"lazy\" srcset=\"https:\/\/www.magneticinnovations.com\/wp-content\/uploads\/2023\/06\/Cor-800x800px.jpg 800w, https:\/\/www.magneticinnovations.com\/wp-content\/uploads\/2023\/06\/Cor-800x800px-300x300.jpg 300w, https:\/\/www.magneticinnovations.com\/wp-content\/uploads\/2023\/06\/Cor-800x800px-150x150.jpg 150w\" sizes=\"auto, (max-width: 800px) 100vw, 800px\" \/><\/div><\/div><div class=\"w-separator size_medium\"><\/div><div class=\"wpb_text_column us_custom_c901145c\"><div class=\"wpb_wrapper\"><h3>Cor van den Heuvel<\/h3>\n<\/div><\/div><div class=\"wpb_text_column us_custom_0d9e4816 has_text_color\"><div class=\"wpb_wrapper\"><p>Directeur Ventes &amp; Marketing<\/p>\n<\/div><\/div><\/div><\/div><\/div><\/div><div class=\"w-separator size_medium\"><\/div><div class=\"g-cols wpb_row via_flex valign_top type_boxes stacking_default\"><div class=\"vc_col-sm-6 wpb_column vc_column_container\"><div class=\"vc_column-inner\"><div class=\"wpb_wrapper\"><div class=\"wpb_text_column\"><div class=\"wpb_wrapper\"><h6 class=\"translation-block\">Contacter notre \u00e9quipe d'assistance<\/h6>\n<p>Si vous souhaitez recevoir un devis, si vous avez une question sur nos produits ou si vous voulez savoir ce que nous pouvons faire pour vous en particulier, vous pouvez remplir notre formulaire de contact. Nous vous r\u00e9pondrons dans les 24 heures.<\/p>\n<\/div><\/div><\/div><\/div><\/div><div class=\"vc_col-sm-6 wpb_column vc_column_container\"><div class=\"vc_column-inner\"><div class=\"wpb_wrapper\"><div class=\"wpb_text_column\"><div class=\"wpb_wrapper\">\n\t\t\t\t\t\t<script>\n\t\t\t\t\t\t\twindow.hsFormsOnReady = window.hsFormsOnReady || [];\n\t\t\t\t\t\t\twindow.hsFormsOnReady.push(()=>{\n\t\t\t\t\t\t\t\thbspt.forms.create({\n\t\t\t\t\t\t\t\t\tportalId: 2931142,\n\t\t\t\t\t\t\t\t\tformId: \"9241f863-fb8b-4d40-93ee-739cb4c9a274\",\n\t\t\t\t\t\t\t\t\ttarget: \"#hbspt-form-1776963653000-0612690037\",\n\t\t\t\t\t\t\t\t\tregion: \"na1\",\n\t\t\t\t\t\t\t\t\t\n\t\t\t\t\t\t\t})});\n\t\t\t\t\t\t<\/script>\n\t\t\t\t\t\t<div class=\"hbspt-form\" id=\"hbspt-form-1776963653000-0612690037\"><\/div>\n<\/div><\/div><\/div><\/div><\/div><\/div><\/div><\/div><\/div><\/div><\/div><\/section><section class=\"l-section wpb_row height_auto\"><div class=\"l-section-h i-cf\"><div class=\"g-cols vc_row via_flex valign_top type_default stacking_default\"><div class=\"vc_col-sm-12 wpb_column vc_column_container\"><div class=\"vc_column-inner\"><div class=\"wpb_wrapper\"><div class=\"w-separator size_medium\"><\/div><\/div><\/div><\/div><\/div><\/div><\/section>","protected":false},"excerpt":{"rendered":"Notre mission et notre vision Notre mission et notre vision consistent \u00e0 devenir le premier fournisseur de moteurs \u00e0 entra\u00eenement direct et d'actionneurs lin\u00e9aires haut de gamme sur mesure. Nous visons l'excellence et allons plus loin en mettant la qualit\u00e9 au c\u0153ur de tout ce que nous faisons. Nous pensons que l'innovation technique et un avenir durable peuvent \u00eatre en harmonie l'un avec l'autre. Industries...","protected":false},"author":5,"featured_media":0,"parent":0,"menu_order":0,"comment_status":"closed","ping_status":"closed","template":"","meta":{"_seopress_robots_primary_cat":"","_seopress_titles_title":"About us | Magnetic Innovations | Direct Drive Motors","_seopress_titles_desc":"Get your direct drive motor technology from the experts. Read more about who we are and what we have to offer you!","_seopress_robots_index":"","content-type":"","footnotes":""},"class_list":["post-18","page","type-page","status-publish","hentry"],"_links":{"self":[{"href":"https:\/\/www.magneticinnovations.com\/fr\/wp-json\/wp\/v2\/pages\/18","targetHints":{"allow":["GET"]}}],"collection":[{"href":"https:\/\/www.magneticinnovations.com\/fr\/wp-json\/wp\/v2\/pages"}],"about":[{"href":"https:\/\/www.magneticinnovations.com\/fr\/wp-json\/wp\/v2\/types\/page"}],"author":[{"embeddable":true,"href":"https:\/\/www.magneticinnovations.com\/fr\/wp-json\/wp\/v2\/users\/5"}],"replies":[{"embeddable":true,"href":"https:\/\/www.magneticinnovations.com\/fr\/wp-json\/wp\/v2\/comments?post=18"}],"version-history":[{"count":0,"href":"https:\/\/www.magneticinnovations.com\/fr\/wp-json\/wp\/v2\/pages\/18\/revisions"}],"wp:attachment":[{"href":"https:\/\/www.magneticinnovations.com\/fr\/wp-json\/wp\/v2\/media?parent=18"}],"curies":[{"name":"wp","href":"https:\/\/api.w.org\/{rel}","templated":true}]}}