{"id":3,"date":"2023-05-01T07:16:49","date_gmt":"2023-05-01T07:16:49","guid":{"rendered":"https:\/\/magnetic.questo.nl\/?page_id=3"},"modified":"2024-07-03T08:56:15","modified_gmt":"2024-07-03T08:56:15","slug":"politica-de-privacidad","status":"publish","type":"page","link":"https:\/\/www.magneticinnovations.com\/es\/privacy-policy\/","title":{"rendered":"Pol\u00edtica de privacidad"},"content":{"rendered":"<section class=\"l-section wpb_row us_custom_f75c6008 height_medium\"><div class=\"l-section-h i-cf\"><div class=\"g-cols vc_row via_flex valign_top type_default stacking_default\"><div class=\"vc_col-sm-6 wpb_column vc_column_container\"><div class=\"vc_column-inner\"><div class=\"wpb_wrapper\"><div class=\"wpb_text_column us_custom_2a4bc045\"><div class=\"wpb_wrapper\"><h1>Pol\u00edtica de privacidad<\/h1>\n<\/div><\/div><\/div><\/div><\/div><div class=\"vc_col-sm-6 wpb_column vc_column_container\"><div class=\"vc_column-inner\"><div class=\"wpb_wrapper\"><div class=\"wpb_text_column\"><div class=\"wpb_wrapper\"><p>Magnetic Innovations B.V. respeta la privacidad de sus visitantes en www.magneticinnovations.com. Nos aseguramos de cumplir la normativa europea sobre privacidad, el Reglamento General de Protecci\u00f3n de Datos (GDPR tambi\u00e9n conocido como AVG). Esta declaraci\u00f3n de privacidad describe c\u00f3mo Magnetic Innovations trata los datos personales, qu\u00e9 datos personales recopilamos y utilizamos y con qu\u00e9 fin. Le recomendamos que la lea detenidamente.<\/p>\n<\/div><\/div><\/div><\/div><\/div><\/div><\/div><\/section><section class=\"l-section wpb_row height_auto\"><div class=\"l-section-h i-cf\"><div class=\"g-cols vc_row via_flex valign_top type_default stacking_default\"><div class=\"vc_col-sm-12 wpb_column vc_column_container\"><div class=\"vc_column-inner\"><div class=\"wpb_wrapper\"><div class=\"w-separator us_custom_2cc16421 size_custom\" style=\"height:2px\"><\/div><div class=\"w-separator size_small\"><\/div><\/div><\/div><\/div><\/div><\/div><\/section><section class=\"l-section wpb_row height_medium\"><div class=\"l-section-h i-cf\"><div class=\"g-cols vc_row via_flex valign_top type_default stacking_default\"><div class=\"vc_col-sm-4 wpb_column vc_column_container\"><div class=\"vc_column-inner\"><div class=\"wpb_wrapper\"><\/div><\/div><\/div><div class=\"vc_col-sm-8 wpb_column vc_column_container\"><div class=\"vc_column-inner\"><div class=\"wpb_wrapper\"><div class=\"wpb_text_column us_custom_38e07046\"><div class=\"wpb_wrapper\"><h3>1. 1. Informaci\u00f3n general<\/h3>\n<p>Magnetic Innovations concede gran importancia a la protecci\u00f3n de su privacidad a la hora de procesar datos personales relativos al uso de nuestro sitio web. Como es natural, nos interesan los visitantes de nuestro sitio web, pero no necesitamos saber su nombre ni sus apellidos. La informaci\u00f3n sobre las visitas a www.magneticinnovations.com s\u00f3lo se utiliza para apoyar las decisiones t\u00e9cnicas y el procesamiento estad\u00edstico y nunca se utiliza para identificar a las personas.<\/p>\n<p>En nuestro tratamiento seguimos los requisitos de la legislaci\u00f3n sobre privacidad. Esto significa, entre otras cosas, que:<\/p>\n<ul>\n<li>Exponemos claramente con qu\u00e9 fines procesamos los datos personales. Lo hacemos a trav\u00e9s de esta declaraci\u00f3n de privacidad.<\/li>\n<li>Limitamos nuestra recopilaci\u00f3n de datos personales a los que son necesarios para fines leg\u00edtimos.<\/li>\n<li>Tomamos las medidas de seguridad adecuadas para proteger sus datos personales y tambi\u00e9n exigimos lo mismo a las partes que procesan datos personales en nuestro nombre.<\/li>\n<li>Respetamos su derecho a consultar, rectificar o suprimir sus datos personales si as\u00ed lo solicita.<\/li>\n<\/ul>\n<p>Explicaci\u00f3n de los t\u00e9rminos utilizados en la declaraci\u00f3n de privacidad:<\/p>\n<ul>\n<li>Visitante: persona que visita magneticinnovations.com. La persona no es inmediatamente un cliente. No tiene que ponerse en contacto con nosotros ni comprar nada para ser visitante.<\/li>\n<li>Datos personales: cualquier informaci\u00f3n que concierna a un individuo \/ persona y que pueda ser rastreada hasta ese individuo \/ persona en concreto.<\/li>\n<li>Tratamiento de datos personales: cualquier acci\u00f3n relativa al tratamiento de datos personales, como: recoger, registrar, facilitar y destruir datos personales.<\/li>\n<\/ul>\n<p>La declaraci\u00f3n de privacidad de Magnetic Innovations BV se modific\u00f3 por \u00faltima vez el 07-05-2020.<\/p>\n<\/div><\/div><div class=\"w-separator size_medium\"><\/div><div class=\"wpb_text_column us_custom_38e07046\"><div class=\"wpb_wrapper\"><h3>2. Uso de datos personales<\/h3>\n<p>Al utilizar nuestro sitio web, obtenemos cierta informaci\u00f3n de usted para poder ofrecerle un servicio bueno y personalizado. Puede tratarse de datos personales. S\u00f3lo almacenamos y utilizamos los datos personales proporcionados directamente por usted, en el contexto del servicio que ha solicitado, o de los que se desprende claramente que nos son facilitados para su tratamiento. Se trata de datos como: nombre y datos de la empresa, direcci\u00f3n de correo electr\u00f3nico y n\u00famero de tel\u00e9fono.<\/p>\n<p>Adem\u00e1s del servicio de atenci\u00f3n al cliente y ventas, tambi\u00e9n recopilamos datos an\u00f3nimos que se facilitan de forma pasiva. Magnetic Innovations utiliza esta informaci\u00f3n para realizar estad\u00edsticas y an\u00e1lisis sobre el uso de este sitio web y para mejorar la facilidad de uso para usted como visitante.<\/p>\n<\/div><\/div><div class=\"w-separator size_medium\"><\/div><div class=\"wpb_text_column us_custom_38e07046\"><div class=\"wpb_wrapper\"><h3>3. \u00bfPor qu\u00e9 utilizamos datos personales?<\/h3>\n<p>S\u00f3lo procesaremos sus datos personales para determinados fines. A continuaci\u00f3n encontrar\u00e1 un resumen de los objetivos para los que Magnetic Innovations utiliza sus datos personales.<\/p>\n<p>Fines administrativos y de servicio<\/p>\n<ul>\n<li>Atenci\u00f3n al cliente.<\/li>\n<li>Establecer y mantener relaciones con los clientes.<\/li>\n<li>Registro de datos personales en nuestra base de datos (hubspot).<\/li>\n<li>Gesti\u00f3n de pedidos y tramitaci\u00f3n en las administraciones financieras.<\/li>\n<li>Gesti\u00f3n log\u00edstica.<\/li>\n<\/ul>\n<p>Google Analytics<\/p>\n<ul>\n<li>Rastrear c\u00f3mo utilizan los visitantes nuestro sitio web.<\/li>\n<li>Realizar diversos estudios sobre el tipo de visitantes de nuestro sitio web.<\/li>\n<li>Procesar los datos de tr\u00e1fico para que podamos mejorar la facilidad de uso.<\/li>\n<li>Apoyar las decisiones t\u00e9cnicas y el tratamiento estad\u00edstico y nunca identifica a las personas.<\/li>\n<\/ul>\n<p>Anuncios Google<\/p>\n<ul>\n<li>Procesar los datos de tr\u00e1fico para comprobar la eficacia de nuestros anuncios en las p\u00e1ginas de resultados de b\u00fasqueda de Google.<\/li>\n<li>Apoyar las decisiones t\u00e9cnicas y el tratamiento estad\u00edstico y nunca identifica a las personas.<\/li>\n<\/ul>\n<p>Consulte tambi\u00e9n nuestra pol\u00edtica de cookies para obtener m\u00e1s informaci\u00f3n.<\/p>\n<\/div><\/div><div class=\"w-separator size_medium\"><\/div><div class=\"wpb_text_column us_custom_38e07046\"><div class=\"wpb_wrapper\"><h3>4. Almacenamiento de datos personales<\/h3>\n<p>Magnetic Innovations no almacena sus datos personales m\u00e1s tiempo del legalmente permitido y necesario para el fin para el que Magnetic Innovations ha recibido sus datos personales. O durante el periodo para el que usted haya dado su permiso.<\/p>\n<\/div><\/div><div class=\"w-separator size_medium\"><\/div><div class=\"wpb_text_column us_custom_38e07046\"><div class=\"wpb_wrapper\"><h3>5. Comunicaci\u00f3n de datos a terceros<\/h3>\n<p>Si es necesario para una tramitaci\u00f3n adecuada, tambi\u00e9n podemos facilitar sus datos personales a nuestros socios terceros. Por ejemplo, cuando nos hace un pedido, utilizamos sus datos personales para tramitarlo. A continuaci\u00f3n enumeramos nuestros socios terceros:<\/p>\n<ul>\n<li>Empresas de transporte: para el env\u00edo de su paquete.<\/li>\n<li>Socios de comunicaci\u00f3n: para poder comunicar ofertas y promociones personales a trav\u00e9s de canales de comunicaci\u00f3n digitales y no digitales.<\/li>\n<li>Socios de marketing de bases de datos: para gestionar la base de datos y realizar los an\u00e1lisis mencionados en el punto 3.<\/li>\n<li>Socios de boletines informativos: para enviar boletines informativos a nuestros clientes utilizamos Mailchimp.<\/li>\n<li>Socios de redes sociales: se incluyen botones de redes sociales en nuestro sitio web. O integrados en nuestro sitio web como herramienta. Con ello, los administradores de estos servicios recogen sus datos personales.<\/li>\n<\/ul>\n<\/div><\/div><div class=\"w-separator size_medium\"><\/div><div class=\"wpb_text_column us_custom_38e07046\"><div class=\"wpb_wrapper\"><h3>6. Formulario de contacto y bolet\u00edn<\/h3>\n<p>Le ofrecemos la posibilidad de hacer preguntas a trav\u00e9s de un formulario de contacto, en el que se le pide que rellene varios datos para gestionar su pregunta. Utilizamos el servicio HubSpot para proporcionarle los formularios en l\u00ednea. Para ello, transmitimos sus datos a HubSpot, que procesa los datos exclusivamente a petici\u00f3n nuestra. Los datos que nos env\u00ede se conservar\u00e1n durante el tiempo que la naturaleza del formulario o el contenido de su correo electr\u00f3nico requieran para su completa respuesta y tramitaci\u00f3n.<\/p>\n<p>Ofrecemos un bolet\u00edn de noticias con el que queremos informar a las partes interesadas sobre nuestros productos y \/ o servicios. Utilizamos Mailchimp para enviar nuestro bolet\u00edn. Cada bolet\u00edn contiene un enlace con el que puede darse de baja.<\/p>\n<\/div><\/div><div class=\"w-separator size_medium\"><\/div><div class=\"wpb_text_column us_custom_38e07046\"><div class=\"wpb_wrapper\"><h3>7. Cookies<\/h3>\n<p>En nuestro sitio web se utilizan cookies. Tambi\u00e9n se colocan cookies a trav\u00e9s de terceros contratados por nosotros. Hemos llegado a acuerdos con terceros que colocan cookies sobre el uso de cookies y aplicaciones. Sin embargo, no tenemos pleno control sobre lo que los proveedores de estas aplicaciones hacen con las cookies cuando las leen. Para m\u00e1s informaci\u00f3n sobre estas aplicaciones y c\u00f3mo gestionan las cookies, consulte las declaraciones de privacidad de estas partes (nota: pueden cambiar regularmente).<\/p>\n<p>Lea nuestra pol\u00edtica de cookies para obtener m\u00e1s informaci\u00f3n.<\/p>\n<\/div><\/div><div class=\"w-separator size_medium\"><\/div><div class=\"wpb_text_column us_custom_38e07046\"><div class=\"wpb_wrapper\"><h3>8. Google Analytics<\/h3>\n<p>Utilizamos Google Analytics para hacer un seguimiento del uso que hacen los visitantes de nuestro sitio web. Hemos firmado un acuerdo de procesamiento con Google para llegar a acuerdos sobre el tratamiento de nuestros datos. Hemos permitido a Google utilizar la informaci\u00f3n anal\u00edtica obtenida para otros servicios de Google, como Ads y Adsense, para que (nuestros) anuncios de Google puedan personalizarse.<\/p>\n<p>La informaci\u00f3n que Google recopila se anonimiza en la medida de lo posible. Su direcci\u00f3n IP no se facilita expresamente. La informaci\u00f3n es transferida y almacenada por Google en servidores de Estados Unidos. Google se adhiere a los principios de Puerto Seguro y est\u00e1 afiliado al programa de Puerto Seguro del Departamento de Comercio de los Estados Unidos. Esto significa que existe un nivel de protecci\u00f3n adecuado para el tratamiento de cualquier dato personal.<\/p>\n<\/div><\/div><div class=\"w-separator size_medium\"><\/div><div class=\"wpb_text_column us_custom_38e07046\"><div class=\"wpb_wrapper\"><h3>9. HubSpot<\/h3>\n<p>Para este sitio web utilizamos HubSpot. Se trata de una soluci\u00f3n de software integrada que utilizamos para cubrir diferentes aspectos de ventas, marketing, servicio y como base de datos para almacenar datos personales. Toda la informaci\u00f3n recopilada por nosotros est\u00e1 sujeta a esta pol\u00edtica de privacidad de datos.<\/p>\n<p>HubSpot est\u00e1 certificado bajo las condiciones del \"EU - U.S. Privacy Shield Framework\". Para m\u00e1s informaci\u00f3n, consulte la pol\u00edtica de privacidad de datos en el sitio web de HubSpot.<\/p>\n<\/div><\/div><div class=\"w-separator size_medium\"><\/div><div class=\"wpb_text_column us_custom_38e07046\"><div class=\"wpb_wrapper\"><h3>10. Sitios web de terceros<\/h3>\n<p>Esta declaraci\u00f3n de privacidad no se aplica a los sitios web de terceros que est\u00e9n vinculados a nuestro sitio web mediante enlaces. No podemos garantizar que estos terceros traten sus datos personales de forma fiable o segura. Le recomendamos que lea las declaraciones de privacidad de estos sitios web antes de utilizarlos.<\/p>\n<\/div><\/div><div class=\"w-separator size_medium\"><\/div><div class=\"wpb_text_column us_custom_38e07046\"><div class=\"wpb_wrapper\"><h3>11. Cambios en esta declaraci\u00f3n de privacidad<\/h3>\n<p>Nos reservamos el derecho a realizar cambios en esta declaraci\u00f3n de privacidad. Le recomendamos que consulte esta declaraci\u00f3n de privacidad con regularidad para estar al tanto de estos cambios.<\/p>\n<\/div><\/div><div class=\"w-separator size_medium\"><\/div><div class=\"wpb_text_column us_custom_38e07046\"><div class=\"wpb_wrapper\"><h3>12. Derecho a consultar, modificar y suprimir sus datos personales<\/h3>\n<p>Tiene derecho a consultar, rectificar o suprimir sus datos personales. Puede hacerlo enviando un correo electr\u00f3nico a <a href=\"mailto:info@www.magneticinnovations.com\">info@www.magneticinnovations.com<\/a>. S\u00f3lo puede ejercer sus derechos en la medida en que la ley se los conceda. Ante cualquier solicitud, siempre le pediremos que se identifique para asegurarnos de que la solicitud ha sido realizada por usted.<\/p>\n<p>Si desea presentar una queja o si considera que nuestra empresa no ha resuelto su problema de forma satisfactoria, puede ponerse en contacto con la autoridad competente.<\/p>\n<\/div><\/div><div class=\"w-separator size_medium\"><\/div><div class=\"wpb_text_column us_custom_38e07046\"><div class=\"wpb_wrapper\"><h3>13. Seguridad y protecci\u00f3n de datos personales<\/h3>\n<p>Magnetic Innovations hace todo lo posible para proteger de forma \u00f3ptima sus datos personales contra el uso no autorizado. Para ello nos basamos en medidas organizativas, como la autorizaci\u00f3n de las personas que tienen acceso a sus datos personales. Si sospecha o se produce una violaci\u00f3n de datos, le rogamos que nos lo comunique inmediatamente.<\/p>\n<p>Magnetic Innovations siempre le informar\u00e1 en caso de violaci\u00f3n de sus datos personales.<\/p>\n<\/div><\/div><div class=\"w-separator size_medium\"><\/div><div class=\"wpb_text_column us_custom_38e07046\"><div class=\"wpb_wrapper\"><h3>14. 14. Informaci\u00f3n de contacto<\/h3>\n<p>Innovaciones magn\u00e9ticas B.V.<br \/>\nHabraken 2150<br \/>\n5507 TH Veldhoven<br \/>\nPa\u00edses Bajos<br \/>\nTel: <a href=\"tel:+31 (0)40-2051718\">+31 (0)40-2051718<\/a><\/p>\n<p>Correo electr\u00f3nico: <a href=\"mailto:info@www.magneticinnovations.com\">info@www.magneticinnovations.com<\/a><br \/>\nP\u00e1gina web: <a href=\"http:\/\/www.magneticinnovations.com\/es\/\">www.magneticinnovations.com<\/a><\/p>\n<\/div><\/div><\/div><\/div><\/div><\/div><\/div><\/section>","protected":false},"excerpt":{"rendered":"Pol\u00edtica de privacidad Magnetic Innovations B.V. respeta la privacidad de sus visitantes en www.magneticinnovations.com. Nos aseguramos de cumplir la normativa europea sobre privacidad, el Reglamento General de Protecci\u00f3n de Datos (GDPR tambi\u00e9n conocido como AVG). Esta declaraci\u00f3n de privacidad describe c\u00f3mo Magnetic Innovations maneja los datos personales, qu\u00e9 datos personales recopilamos y utilizamos y con qu\u00e9 fin. Nosotros...","protected":false},"author":5,"featured_media":0,"parent":0,"menu_order":0,"comment_status":"closed","ping_status":"closed","template":"","meta":{"_seopress_robots_primary_cat":"","_seopress_titles_title":"Privacy Policy | How we collect, use, and protect your data","_seopress_titles_desc":"Magnetic Innovations respects the privacy of its visitors. Read our Privacy Policy for more info, we comply with the European privacy regulation, the GDPR.","_seopress_robots_index":"","content-type":"","footnotes":""},"class_list":["post-3","page","type-page","status-publish","hentry"],"_links":{"self":[{"href":"https:\/\/www.magneticinnovations.com\/es\/wp-json\/wp\/v2\/pages\/3","targetHints":{"allow":["GET"]}}],"collection":[{"href":"https:\/\/www.magneticinnovations.com\/es\/wp-json\/wp\/v2\/pages"}],"about":[{"href":"https:\/\/www.magneticinnovations.com\/es\/wp-json\/wp\/v2\/types\/page"}],"author":[{"embeddable":true,"href":"https:\/\/www.magneticinnovations.com\/es\/wp-json\/wp\/v2\/users\/5"}],"replies":[{"embeddable":true,"href":"https:\/\/www.magneticinnovations.com\/es\/wp-json\/wp\/v2\/comments?post=3"}],"version-history":[{"count":0,"href":"https:\/\/www.magneticinnovations.com\/es\/wp-json\/wp\/v2\/pages\/3\/revisions"}],"wp:attachment":[{"href":"https:\/\/www.magneticinnovations.com\/es\/wp-json\/wp\/v2\/media?parent=3"}],"curies":[{"name":"wp","href":"https:\/\/api.w.org\/{rel}","templated":true}]}}