{"id":20,"date":"2023-05-01T08:28:48","date_gmt":"2023-05-01T08:28:48","guid":{"rendered":"https:\/\/magnetic.questo.nl\/?page_id=20"},"modified":"2024-01-30T10:37:02","modified_gmt":"2024-01-30T10:37:02","slug":"sectores","status":"publish","type":"page","link":"https:\/\/www.magneticinnovations.com\/es\/industries\/","title":{"rendered":"sectores"},"content":{"rendered":"<section class=\"l-section wpb_row height_auto\"><div class=\"l-section-h i-cf\"><div class=\"g-cols vc_row via_flex valign_top type_default stacking_default\"><div class=\"vc_col-sm-12 wpb_column vc_column_container\"><div class=\"vc_column-inner\"><div class=\"wpb_wrapper\"><div class=\"w-separator size_custom\" style=\"height:60px\" id=\"f82d\"><style>@media(max-width:1024px){ #f82d{height:30px!important}}@media(max-width:600px){ #f82d{height:0px!important}}<\/style><\/div><div class=\"w-image align_none\"><div class=\"w-image-h\"><img decoding=\"async\" width=\"1400\" height=\"500\" src=\"https:\/\/www.magneticinnovations.com\/wp-content\/uploads\/2023\/09\/direct-drive-motor-manufacturer-magnetic-innovations.jpg\" class=\"attachment-full size-full\" alt=\"direct drive motor manufacturer magnetic innovations\" loading=\"lazy\" srcset=\"https:\/\/www.magneticinnovations.com\/wp-content\/uploads\/2023\/09\/direct-drive-motor-manufacturer-magnetic-innovations.jpg 1400w, https:\/\/www.magneticinnovations.com\/wp-content\/uploads\/2023\/09\/direct-drive-motor-manufacturer-magnetic-innovations-18x6.jpg 18w, https:\/\/www.magneticinnovations.com\/wp-content\/uploads\/2023\/09\/direct-drive-motor-manufacturer-magnetic-innovations-1000x357.jpg 1000w\" sizes=\"auto, (max-width: 1400px) 100vw, 1400px\" \/><\/div><\/div><\/div><\/div><\/div><\/div><\/div><\/section><section class=\"l-section wpb_row us_custom_ea15b364 height_medium\"><div class=\"l-section-h i-cf\"><div class=\"g-cols vc_row via_flex valign_top type_default stacking_default\"><div class=\"vc_col-sm-6 wpb_column vc_column_container\"><div class=\"vc_column-inner us_custom_8e915e80\"><div class=\"wpb_wrapper\"><div class=\"wpb_text_column us_custom_54456bbe\"><div class=\"wpb_wrapper\"><h1>The industries<br \/>\nwhere we operate<\/h1>\n<\/div><\/div><\/div><\/div><\/div><div class=\"vc_col-sm-6 wpb_column vc_column_container\"><div class=\"vc_column-inner us_custom_a5ef9130\"><div class=\"wpb_wrapper\"><div class=\"wpb_text_column\"><div class=\"wpb_wrapper\"><p>We operate across a diverse range of industries, providing cutting-edge direct drive motors that drive innovation and efficiency. From precision manufacturing and robotics to renewable energy and medical healthcare, our direct drive motors empower industries to elevate performance and achieve new levels of productivity.<\/p>\n<p>With our expertise and <a href=\"https:\/\/www.magneticinnovations.com\/custom-solutions\/\">tailored solutions<\/a>, we cater to the unique requirements of industries worldwide, enabling them to unlock the full potential of direct drive motor technology and stay at the forefront of their respective fields.<\/p>\n<\/div><\/div><\/div><\/div><\/div><\/div><\/div><\/section><section class=\"l-section wpb_row height_small\"><div class=\"l-section-h i-cf\"><div class=\"g-cols vc_row via_flex valign_top type_default stacking_default\"><div class=\"vc_col-sm-12 wpb_column vc_column_container\"><div class=\"vc_column-inner\"><div class=\"wpb_wrapper\"><div class=\"w-grid us_grid type_grid layout_214 text-center cols_3 preload_style_spinner\" id=\"us_grid_1\" style=\"--columns:3;--gap:1.5rem;\" data-filterable=\"true\"><style>@media (max-width:1024px){#us_grid_1{--columns:2!important}}@media (max-width:767px){#us_grid_1{--columns:1!important}}.layout_214 .w-grid-item-h{}.layout_214 .usg_post_image_1{margin-bottom:1.5rem!important}.layout_214 .usg_post_title_1{text-align:left!important;font-size:1.4rem!important;font-weight:500!important;margin-bottom:1.5rem!important}.layout_214 .usg_post_content_1{text-align:left!important;max-width:600px!important;margin-bottom:2rem!important}<\/style><div class=\"w-grid-list\">\t<article class=\"w-grid-item size_1x1 post-10818 industries type-industries status-publish has-post-thumbnail hentry\" data-id=\"10818\">\r\n\t\t<div class=\"w-grid-item-h\">\r\n\t\t\t\t\t\t<div class=\"w-post-elm post_image usg_post_image_1 has_ratio\"><a href=\"https:\/\/www.magneticinnovations.com\/es\/industries\/medical-motor-industry\/\" aria-label=\"Medical Industry\"><img loading=\"lazy\" decoding=\"async\" width=\"1400\" height=\"500\" src=\"https:\/\/www.magneticinnovations.com\/wp-content\/uploads\/2024\/09\/medical-motor-pmsm.jpg\" class=\"attachment-large size-large wp-post-image\" alt=\"\" \/><\/a><div style=\"padding-bottom:83.3333%\"><\/div><\/div><h2 class=\"w-post-elm post_title usg_post_title_1 entry-title color_link_inherit\"><a href=\"https:\/\/www.magneticinnovations.com\/es\/industries\/medical-motor-industry\/\">Medical Industry<\/a><\/h2><div class=\"w-post-elm post_content usg_post_content_1\">Permanent Magnet Synchronous Motors (PM synchronous motors) have become vital components in medical equipment due to their superior performance and&hellip;<\/div><a class=\"w-btn us-btn-style_2 usg_btn_1\" href=\"https:\/\/www.magneticinnovations.com\/es\/industries\/medical-motor-industry\/\"><span class=\"w-btn-label\">Read more<\/span><\/a>\t\t<\/div>\r\n\t\t\t<\/article>\r\n\t<article class=\"w-grid-item size_1x1 post-5511 industries type-industries status-publish has-post-thumbnail hentry\" data-id=\"5511\">\r\n\t\t<div class=\"w-grid-item-h\">\r\n\t\t\t\t\t\t<div class=\"w-post-elm post_image usg_post_image_1 has_ratio\"><a href=\"https:\/\/www.magneticinnovations.com\/es\/industries\/direct-drive-robotics-industry\/\" aria-label=\"Robotics Industry\"><img loading=\"lazy\" decoding=\"async\" width=\"1000\" height=\"500\" src=\"https:\/\/www.magneticinnovations.com\/wp-content\/uploads\/2023\/06\/INDUSTRIAL-AUTOMATION-groot-1200x600px-1024x512.jpg\" class=\"attachment-large size-large wp-post-image\" alt=\"\" \/><\/a><div style=\"padding-bottom:83.3333%\"><\/div><\/div><h2 class=\"w-post-elm post_title usg_post_title_1 entry-title color_link_inherit\"><a href=\"https:\/\/www.magneticinnovations.com\/es\/industries\/direct-drive-robotics-industry\/\">Robotics Industry<\/a><\/h2><div class=\"w-post-elm post_content usg_post_content_1\">From assembly robots in manufacturing to collaborative robots in diverse industries, our motors elevate efficiency and precision in various applications.<\/div><a class=\"w-btn us-btn-style_2 usg_btn_1\" href=\"https:\/\/www.magneticinnovations.com\/es\/industries\/direct-drive-robotics-industry\/\"><span class=\"w-btn-label\">Read more<\/span><\/a>\t\t<\/div>\r\n\t\t\t<\/article>\r\n\t<article class=\"w-grid-item size_1x1 post-244 industries type-industries status-publish has-post-thumbnail hentry\" data-id=\"244\">\r\n\t\t<div class=\"w-grid-item-h\">\r\n\t\t\t\t\t\t<div class=\"w-post-elm post_image usg_post_image_1 has_ratio\"><a href=\"https:\/\/www.magneticinnovations.com\/es\/industries\/industrial-automation\/\" aria-label=\"Industrial Automation\"><img loading=\"lazy\" decoding=\"async\" width=\"1024\" height=\"366\" src=\"https:\/\/www.magneticinnovations.com\/wp-content\/uploads\/2023\/06\/INDUSTRIAL-AUTOMATION-Header-1400x500px-1024x366.jpg\" class=\"attachment-large size-large wp-post-image\" alt=\"\" \/><\/a><div style=\"padding-bottom:83.3333%\"><\/div><\/div><h2 class=\"w-post-elm post_title usg_post_title_1 entry-title color_link_inherit\"><a href=\"https:\/\/www.magneticinnovations.com\/es\/industries\/industrial-automation\/\">Industrial Automation<\/a><\/h2><div class=\"w-post-elm post_content usg_post_content_1\">Direct Drive PMSM motors help to increase efficiency and productivity in industrial settings. They are low maintenance and reduce costs&hellip;<\/div><a class=\"w-btn us-btn-style_2 usg_btn_1\" href=\"https:\/\/www.magneticinnovations.com\/es\/industries\/industrial-automation\/\"><span class=\"w-btn-label\">Read more<\/span><\/a>\t\t<\/div>\r\n\t\t\t<\/article>\r\n\t<article class=\"w-grid-item size_1x1 post-242 industries type-industries status-publish has-post-thumbnail hentry\" data-id=\"242\">\r\n\t\t<div class=\"w-grid-item-h\">\r\n\t\t\t\t\t\t<div class=\"w-post-elm post_image usg_post_image_1 has_ratio\"><a href=\"https:\/\/www.magneticinnovations.com\/es\/industries\/food-processing\/\" aria-label=\"Food Processing\"><img loading=\"lazy\" decoding=\"async\" width=\"1024\" height=\"366\" src=\"https:\/\/www.magneticinnovations.com\/wp-content\/uploads\/2023\/06\/FOOD-PROCESSING-Header-1400x500px-1024x366.jpg\" class=\"attachment-large size-large wp-post-image\" alt=\"\" \/><\/a><div style=\"padding-bottom:83.3333%\"><\/div><\/div><h2 class=\"w-post-elm post_title usg_post_title_1 entry-title color_link_inherit\"><a href=\"https:\/\/www.magneticinnovations.com\/es\/industries\/food-processing\/\">Food Processing<\/a><\/h2><div class=\"w-post-elm post_content usg_post_content_1\">Direct drive motors are able to operate under highly dynamic conditions, making them well-suited for applications that require fast, precise&hellip;<\/div><a class=\"w-btn us-btn-style_2 usg_btn_1\" href=\"https:\/\/www.magneticinnovations.com\/es\/industries\/food-processing\/\"><span class=\"w-btn-label\">Read more<\/span><\/a>\t\t<\/div>\r\n\t\t\t<\/article>\r\n\t<article class=\"w-grid-item size_1x1 post-236 industries type-industries status-publish has-post-thumbnail hentry\" data-id=\"236\">\r\n\t\t<div class=\"w-grid-item-h\">\r\n\t\t\t\t\t\t<div class=\"w-post-elm post_image usg_post_image_1 has_ratio\"><a href=\"https:\/\/www.magneticinnovations.com\/es\/industries\/intra-logistics-industry\/\" aria-label=\"Intra logistics Industry\"><img loading=\"lazy\" decoding=\"async\" width=\"1024\" height=\"366\" src=\"https:\/\/www.magneticinnovations.com\/wp-content\/uploads\/2023\/06\/INTRA_LOGISTICS_header-1400x500px-1024x366.jpg\" class=\"attachment-large size-large wp-post-image\" alt=\"\" \/><\/a><div style=\"padding-bottom:83.3333%\"><\/div><\/div><h2 class=\"w-post-elm post_title usg_post_title_1 entry-title color_link_inherit\"><a href=\"https:\/\/www.magneticinnovations.com\/es\/industries\/intra-logistics-industry\/\">Intra logistics Industry<\/a><\/h2><div class=\"w-post-elm post_content usg_post_content_1\">Direct drive motors can bring significant benefits when implemented in logistics applications, including improved energy efficiency, precise control, high power&hellip;<\/div><a class=\"w-btn us-btn-style_2 usg_btn_1\" href=\"https:\/\/www.magneticinnovations.com\/es\/industries\/intra-logistics-industry\/\"><span class=\"w-btn-label\">Read more<\/span><\/a>\t\t<\/div>\r\n\t\t\t<\/article>\r\n<\/div>\t<div class=\"w-grid-preloader\">\r\n\t\t<div class=\"g-preloader type_1\">\r\n\t\t\t<div><\/div>\r\n\t\t<\/div>\r\n\t<\/div>\r\n\t\t<div class=\"w-grid-json hidden\" onclick='return {&quot;action&quot;:&quot;us_ajax_grid&quot;,&quot;infinite_scroll&quot;:0,&quot;max_num_pages&quot;:1,&quot;pagination&quot;:&quot;none&quot;,&quot;template_vars&quot;:{&quot;columns&quot;:&quot;3&quot;,&quot;exclude_items&quot;:&quot;none&quot;,&quot;img_size&quot;:&quot;default&quot;,&quot;ignore_items_size&quot;:0,&quot;items_layout&quot;:&quot;214&quot;,&quot;items_offset&quot;:&quot;1&quot;,&quot;load_animation&quot;:&quot;none&quot;,&quot;overriding_link&quot;:&quot;{\\&quot;url\\&quot;:\\&quot;\\&quot;}&quot;,&quot;post_id&quot;:0,&quot;query_args&quot;:{&quot;post_type&quot;:[&quot;industries&quot;],&quot;post_status&quot;:[&quot;publish&quot;],&quot;posts_per_page&quot;:&quot;10&quot;},&quot;orderby_query_args&quot;:{&quot;orderby&quot;:{&quot;date&quot;:&quot;DESC&quot;}},&quot;type&quot;:&quot;grid&quot;,&quot;us_grid_post_type&quot;:&quot;industries&quot;,&quot;us_grid_ajax_index&quot;:1,&quot;us_grid_filter_query_string&quot;:null,&quot;us_grid_index&quot;:1,&quot;page_args&quot;:[]}}'><\/div>\r\n\t<\/div><div class=\"w-separator size_huge\"><\/div><\/div><\/div><\/div><\/div><\/div><\/section>\n","protected":false},"excerpt":{"rendered":"InicioP\u00e1ginasIndustria de la log\u00edstica interna La automatizaci\u00f3n de los procesos log\u00edsticos est\u00e1 en constante expansi\u00f3n debido a la demanda universal de una mayor productividad y eficiencia. Magnetic Innovations es un s\u00f3lido socio global para la industria de la log\u00edstica interna. Nuestra l\u00ednea de motores s\u00edncronos de imanes permanentes (PMSM) puede aportar beneficios significativos cuando se implementan en aplicaciones log\u00edsticas,...","protected":false},"author":5,"featured_media":0,"parent":0,"menu_order":0,"comment_status":"closed","ping_status":"closed","template":"","meta":{"_seopress_robots_primary_cat":"","_seopress_titles_title":"For what kind of industries are PMSM direct drive motors suitable?","_seopress_titles_desc":"Companies in various global industries benefit from direct drive motor technology as it increases efficiency, lowers costs, downtime and increases productivity.","_seopress_robots_index":"","content-type":"","footnotes":""},"class_list":["post-20","page","type-page","status-publish","hentry"],"_links":{"self":[{"href":"https:\/\/www.magneticinnovations.com\/es\/wp-json\/wp\/v2\/pages\/20","targetHints":{"allow":["GET"]}}],"collection":[{"href":"https:\/\/www.magneticinnovations.com\/es\/wp-json\/wp\/v2\/pages"}],"about":[{"href":"https:\/\/www.magneticinnovations.com\/es\/wp-json\/wp\/v2\/types\/page"}],"author":[{"embeddable":true,"href":"https:\/\/www.magneticinnovations.com\/es\/wp-json\/wp\/v2\/users\/5"}],"replies":[{"embeddable":true,"href":"https:\/\/www.magneticinnovations.com\/es\/wp-json\/wp\/v2\/comments?post=20"}],"version-history":[{"count":0,"href":"https:\/\/www.magneticinnovations.com\/es\/wp-json\/wp\/v2\/pages\/20\/revisions"}],"wp:attachment":[{"href":"https:\/\/www.magneticinnovations.com\/es\/wp-json\/wp\/v2\/media?parent=20"}],"curies":[{"name":"wp","href":"https:\/\/api.w.org\/{rel}","templated":true}]}}