{"id":18,"date":"2023-05-01T08:28:36","date_gmt":"2023-05-01T08:28:36","guid":{"rendered":"https:\/\/magnetic.questo.nl\/?page_id=18"},"modified":"2025-08-18T14:22:30","modified_gmt":"2025-08-18T14:22:30","slug":"about-us","status":"publish","type":"page","link":"https:\/\/www.magneticinnovations.com\/es\/about-us\/","title":{"rendered":"acerca de nosotros"},"content":{"rendered":"<section class=\"l-section wpb_row height_auto\"><div class=\"l-section-h i-cf\"><div class=\"g-cols vc_row via_flex valign_top type_default stacking_default\"><div class=\"vc_col-sm-12 wpb_column vc_column_container\"><div class=\"vc_column-inner\"><div class=\"wpb_wrapper\"><div class=\"w-separator size_custom\" style=\"height:66px\" id=\"m866\"><style>@media(max-width:1379px){ #m866{height:2rem!important}}@media(max-width:900px){ #m866{height:0!important}}<\/style><\/div><div class=\"w-image align_none\"><div class=\"w-image-h\"><img decoding=\"async\" width=\"1400\" height=\"500\" src=\"https:\/\/www.magneticinnovations.com\/wp-content\/uploads\/2023\/09\/pmsm-manufacturer-magnetic-innovations.jpg\" class=\"attachment-full size-full\" alt=\"\" loading=\"lazy\" srcset=\"https:\/\/www.magneticinnovations.com\/wp-content\/uploads\/2023\/09\/pmsm-manufacturer-magnetic-innovations.jpg 1400w, https:\/\/www.magneticinnovations.com\/wp-content\/uploads\/2023\/09\/pmsm-manufacturer-magnetic-innovations-18x6.jpg 18w, https:\/\/www.magneticinnovations.com\/wp-content\/uploads\/2023\/09\/pmsm-manufacturer-magnetic-innovations-1000x357.jpg 1000w\" sizes=\"auto, (max-width: 1400px) 100vw, 1400px\" \/><\/div><\/div><\/div><\/div><\/div><\/div><\/div><\/section><section class=\"l-section wpb_row us_custom_ea15b364 height_medium\"><div class=\"l-section-h i-cf\"><div class=\"g-cols vc_row via_flex valign_top type_default stacking_default\"><div class=\"vc_col-sm-6 wpb_column vc_column_container\"><div class=\"vc_column-inner us_custom_7892d4c8\"><div class=\"wpb_wrapper\"><div class=\"wpb_text_column us_custom_54456bbe\"><div class=\"wpb_wrapper\"><h6 class=\"translation-block\">Nuestra misi\u00f3n\ny nuestra visi\u00f3n<\/h6>\n<\/div><\/div><\/div><\/div><\/div><div class=\"vc_col-sm-6 wpb_column vc_column_container\"><div class=\"vc_column-inner us_custom_a5ef9130\"><div class=\"wpb_wrapper\"><div class=\"wpb_text_column\"><div class=\"wpb_wrapper\"><p>Nuestra misi\u00f3n y nuestra visi\u00f3n son convertirnos en el proveedor l\u00edder de motores de accionamiento directo y actuadores lineales personalizados de alta gama. Nos esforzamos por alcanzar la excelencia y hacemos todo lo posible por garantizar la calidad en todo lo que hacemos.<\/p>\n<p>Creemos que la innovaci\u00f3n t\u00e9cnica y un futuro sostenible pueden convivir en armon\u00eda. Las industrias aumentan, al igual que la demanda de soluciones electromagn\u00e9ticas y de la energ\u00eda para impulsarlas. Dado que nuestros motores se atienen a la clase de eficiencia m\u00e1s alta, ayudamos a garantizar la sostenibilidad de las innovaciones.<\/p>\n<\/div><\/div><div class=\"w-btn-wrapper align_none\"><a class=\"w-btn us-btn-style_7\" href=\"\/es\/contact\/\"><span class=\"w-btn-label\">Cont\u00e1ctanos<\/span><\/a><\/div><div class=\"w-btn-wrapper align_none\"><a class=\"w-btn us-btn-style_1\" href=\"\/es\/empleo\/\"><span class=\"w-btn-label\">Carreras profesionales<\/span><\/a><\/div><\/div><\/div><\/div><\/div><\/div><\/section><section class=\"l-section wpb_row height_medium\"><div class=\"l-section-h i-cf\"><div class=\"g-cols vc_row via_flex valign_top type_default stacking_default\"><div class=\"vc_col-sm-3 wpb_column vc_column_container\"><div class=\"vc_column-inner\"><div class=\"wpb_wrapper\"><div class=\"wpb_text_column us_custom_0d9e4816 has_text_color\"><div class=\"wpb_wrapper\"><h3 style=\"text-align: center;\" class=\"translation-block\">Alta calidad<br>\r\nproductos<\/h3>\n<\/div><\/div><\/div><\/div><\/div><div class=\"vc_col-sm-3 wpb_column vc_column_container\"><div class=\"vc_column-inner\"><div class=\"wpb_wrapper\"><div class=\"wpb_text_column us_custom_0d9e4816 has_text_color\"><div class=\"wpb_wrapper\"><h3 style=\"text-align: center;\">Precisi\u00f3n<br \/>\ningenier\u00eda<\/h3>\n<\/div><\/div><\/div><\/div><\/div><div class=\"vc_col-sm-3 wpb_column vc_column_container\"><div class=\"vc_column-inner\"><div class=\"wpb_wrapper\"><div class=\"wpb_text_column us_custom_0d9e4816 has_text_color\"><div class=\"wpb_wrapper\"><h3 style=\"text-align: center;\">Fiable<br \/>\nsocio<\/h3>\n<\/div><\/div><\/div><\/div><\/div><div class=\"vc_col-sm-3 wpb_column vc_column_container\"><div class=\"vc_column-inner\"><div class=\"wpb_wrapper\"><div class=\"wpb_text_column us_custom_0d9e4816 has_text_color\"><div class=\"wpb_wrapper\"><h3 style=\"text-align: center;\">L\u00edder en el sector<br \/>\nexpertos<\/h3>\n<\/div><\/div><\/div><\/div><\/div><\/div><\/div><\/section><section class=\"l-section wpb_row height_auto\"><div class=\"l-section-h i-cf\"><div class=\"g-cols vc_row via_flex valign_top type_default stacking_default\"><div class=\"vc_col-sm-12 wpb_column vc_column_container\"><div class=\"vc_column-inner\"><div class=\"wpb_wrapper\"><div class=\"w-separator us_custom_2cc16421 size_custom\" style=\"height:2px\"><\/div><div class=\"w-separator size_small\"><\/div><\/div><\/div><\/div><\/div><\/div><\/section><section class=\"l-section wpb_row height_medium\"><div class=\"l-section-h i-cf\"><div class=\"g-cols vc_row via_flex valign_top type_default stacking_default\" style=\"--additional-gap:3rem;\"><div class=\"vc_col-sm-6 wpb_column vc_column_container\"><div class=\"vc_column-inner\"><div class=\"wpb_wrapper\"><div class=\"w-image align_none\"><div class=\"w-image-h\"><img decoding=\"async\" width=\"800\" height=\"500\" src=\"https:\/\/www.magneticinnovations.com\/wp-content\/uploads\/2023\/05\/about_us_leadership-800x500px.jpg\" class=\"attachment-full size-full\" alt=\"Directores innovaciones magn\u00e9ticas\" loading=\"lazy\" srcset=\"https:\/\/www.magneticinnovations.com\/wp-content\/uploads\/2023\/05\/about_us_leadership-800x500px.jpg 800w, https:\/\/www.magneticinnovations.com\/wp-content\/uploads\/2023\/05\/about_us_leadership-800x500px-300x188.jpg 300w\" sizes=\"auto, (max-width: 800px) 100vw, 800px\" \/><\/div><\/div><\/div><\/div><\/div><div class=\"vc_col-sm-6 wpb_column vc_column_container\"><div class=\"vc_column-inner us_custom_8b797dc5\"><div class=\"wpb_wrapper\"><div class=\"wpb_text_column\"><div class=\"wpb_wrapper\"><p>Magnetic Innovations, una empresa especializada en el sector de la alta tecnolog\u00eda, tiene su sede en la regi\u00f3n neerlandesa de Brainport. Nuestro principal objetivo es dise\u00f1ar e introducir dise\u00f1os innovadores de motores electromec\u00e1nicos que superen las expectativas de los clientes.<\/p>\n<p>Como dijo nuestro director Bart van den Broek, \u00abqueremos superar las expectativas de los clientes\u00bb. No creemos que una misma soluci\u00f3n valga para todo el mundo. No hay dos clientes iguales. Por eso, sus aplicaciones tampoco lo son.<br \/>\nPor eso tambi\u00e9n adaptamos nuestros productos a sus necesidades espec\u00edficas. Bas\u00e1ndonos en los requisitos de los clientes, desarrollamos nuestros motores y prototipos<\/p>\n<\/div><\/div><\/div><\/div><\/div><\/div><\/div><\/section><section class=\"l-section wpb_row height_medium\"><div class=\"l-section-h i-cf\"><div class=\"g-cols vc_row via_flex valign_top type_default stacking_default\"><div class=\"vc_col-sm-4 wpb_column vc_column_container\"><div class=\"vc_column-inner\"><div class=\"wpb_wrapper\"><\/div><\/div><\/div><div class=\"vc_col-sm-8 wpb_column vc_column_container\"><div class=\"vc_column-inner us_custom_da1a9854\"><div class=\"wpb_wrapper\"><div class=\"wpb_text_column us_custom_6e74c4b0\"><div class=\"wpb_wrapper\"><h3>C\u00f3mo trabajamos<\/h3>\n<p>En Magnetic Innovations, nos esforzamos por comprender las necesidades y los deseos de nuestros clientes y por satisfacerlos. Para ello, operamos de acuerdo con un flujo de trabajo est\u00e1ndar. De esta manera, \u00a1podemos crear hoy la tecnolog\u00eda del ma\u00f1ana!<\/p>\n<ol>\n<li>Recopilaci\u00f3n y an\u00e1lisis de requisitos<\/li>\n<li>Definici\u00f3n del pliego de condiciones<\/li>\n<li>Prototipos y pruebas<\/li>\n<li>Asistencia permanente<\/li>\n<li>Log\u00edstica de alta calidad<\/li>\n<li>Producci\u00f3n<\/li>\n<\/ol>\n<p>Siempre empezamos por recopilar y analizar tus requisitos. Ponte en contacto con nosotros para comenzar este proceso por correo o por tel\u00e9fono. Cuando ya tenemos una idea clara de los requisitos, adoptamos un enfoque en profundidad para estudiar y desarrollar la mejor soluci\u00f3n para tu aplicaci\u00f3n.<\/p>\n<\/div><\/div><div class=\"w-separator size_small\"><\/div><\/div><\/div><\/div><\/div><\/div><\/section><section class=\"l-section wpb_row height_small\"><div class=\"l-section-h i-cf\"><div class=\"g-cols vc_row via_flex valign_top type_default stacking_default\"><div class=\"vc_col-sm-12 wpb_column vc_column_container\"><div class=\"vc_column-inner\"><div class=\"wpb_wrapper\"><div class=\"w-image align_none\"><div class=\"w-image-h\"><img decoding=\"async\" src=\"https:\/\/www.magneticinnovations.com\/wp-content\/uploads\/2023\/08\/WAY-OF-WORKING-ENG.svg\" class=\"attachment-full size-full\" alt=\"\" loading=\"lazy\" \/><\/div><\/div><\/div><\/div><\/div><\/div><\/div><\/section><section class=\"l-section wpb_row height_medium\"><div class=\"l-section-h i-cf\"><div class=\"g-cols vc_row via_flex valign_top type_default stacking_default\"><div class=\"vc_col-sm-4 wpb_column vc_column_container\"><div class=\"vc_column-inner\"><div class=\"wpb_wrapper\"><\/div><\/div><\/div><div class=\"vc_col-sm-8 wpb_column vc_column_container\"><div class=\"vc_column-inner\"><div class=\"wpb_wrapper\"><div class=\"wpb_text_column us_custom_6e74c4b0\"><div class=\"wpb_wrapper\"><p>Con nuestra filosof\u00eda de dise\u00f1o \u00abfirst-time-right\u00bb (hacerlo bien a la primera), podemos construir un prototipo que se acerque lo m\u00e1s posible al producto de producci\u00f3n final y as\u00ed evitar varias iteraciones. Esto te permite probar y optimizar las aplicaciones mucho antes y acorta el periodo de tiempo para la comercializaci\u00f3n.<\/p>\n<p>Al elegirnos, gozar\u00e1s de una asistencia continua. Te guiaremos a lo largo del proceso compartiendo nuestra experiencia y brind\u00e1ndote apoyo cuando sea necesario.<\/p>\n<p>Sabemos que las entregas justo a tiempo son esenciales. Nuestra r\u00e1pida respuesta y los comentarios de los clientes garantizan una fabricaci\u00f3n y una log\u00edstica eficientes por encargo. Adem\u00e1s, realizamos env\u00edos desde diferentes ubicaciones en todo el mundo.<\/p>\n<p>Nuestros <a href=\"https:\/\/www.magneticinnovations.com\/es\/magnetic-innovations-cuenta-con-la-certificacion-iso-90012015\/\">Certificaci\u00f3n ISO 9001<\/a> de ingenier\u00eda y producci\u00f3n aseguran los altos est\u00e1ndares de calidad necesarios en la fabricaci\u00f3n de sus motores. La fiabilidad est\u00e1 garantizada.<\/p>\n<\/div><\/div><\/div><\/div><\/div><\/div><\/div><\/section><section class=\"l-section wpb_row height_medium\"><div class=\"l-section-h i-cf\"><div class=\"g-cols vc_row via_flex valign_top type_boxes stacking_default\"><div class=\"vc_col-sm-12 wpb_column vc_column_container has_bg_color\"><div class=\"vc_column-inner us_custom_08ca2f3b\"><div class=\"wpb_wrapper\"><div class=\"g-cols wpb_row us_custom_7030bfe0 via_flex valign_top type_default stacking_default\"><div class=\"vc_col-sm-4 wpb_column vc_column_container\"><div class=\"vc_column-inner\"><div class=\"wpb_wrapper\"><\/div><\/div><\/div><div class=\"vc_col-sm-8 wpb_column vc_column_container\"><div class=\"vc_column-inner us_custom_205d5a17\"><div class=\"wpb_wrapper\"><div class=\"wpb_text_column us_custom_a647d57e has_text_color\"><div class=\"wpb_wrapper\"><h3>En cualquier rinc\u00f3n del mundo<\/h3>\n<p>Magnetic Innovations opera internacionalmente. Nos comprometemos a atender a clientes de todo el mundo. Nos comprometemos a proporcionar nuestros innovadores dise\u00f1os de motores electromec\u00e1nicos y un servicio excepcional para satisfacer tus necesidades independientemente de en d\u00f3nde te encuentres.<\/p>\n<\/div><\/div><\/div><\/div><\/div><\/div><\/div><\/div><\/div><\/div><\/div><\/section><section class=\"l-section wpb_row height_medium\"><div class=\"l-section-h i-cf\"><div class=\"g-cols vc_row via_flex valign_top type_default stacking_default\"><div class=\"vc_col-sm-12 wpb_column vc_column_container\"><div class=\"vc_column-inner\"><div class=\"wpb_wrapper\"><div class=\"g-cols wpb_row via_flex valign_top type_default stacking_default\"><div class=\"vc_col-sm-4 wpb_column vc_column_container\"><div class=\"vc_column-inner\"><div class=\"wpb_wrapper\"><\/div><\/div><\/div><div class=\"vc_col-sm-8 wpb_column vc_column_container\"><div class=\"vc_column-inner\"><div class=\"wpb_wrapper\"><div class=\"wpb_text_column us_custom_8e718ca8\"><div class=\"wpb_wrapper\"><h3>Con la Certificado ISO 9001<\/h3>\n<\/div><\/div><\/div><\/div><\/div><\/div><div class=\"g-cols wpb_row via_flex valign_top type_default reversed stacking_default\"><div class=\"vc_col-sm-4 wpb_column vc_column_container\"><div class=\"vc_column-inner\"><div class=\"wpb_wrapper\"><div class=\"w-image us_custom_f5d1d533 align_none\"><div class=\"w-image-h\"><img decoding=\"async\" width=\"250\" height=\"272\" src=\"https:\/\/www.magneticinnovations.com\/wp-content\/uploads\/2023\/06\/certified_iso_9001-250x272px.jpg\" class=\"attachment-full size-full\" alt=\"Certificaci\u00f3n ISO\" loading=\"lazy\" \/><\/div><\/div><\/div><\/div><\/div><div class=\"vc_col-sm-8 wpb_column vc_column_container\"><div class=\"vc_column-inner\"><div class=\"wpb_wrapper\"><div class=\"wpb_text_column us_custom_6e74c4b0\"><div class=\"wpb_wrapper\"><p>Para garantizar la excelente calidad de nuestros productos, contamos con unos empleados excepcionales que trabajan en nuestras instalaciones de producci\u00f3n con la <a href=\"https:\/\/www.magneticinnovations.com\/es\/magnetic-innovations-cuenta-con-la-certificacion-iso-90012015\/\">Certificaci\u00f3n ISO 9001<\/a> . Colaboran estrechamente con nuestro Departamento de I+D para garantizar que cumplimos todos los requisitos de los clientes.<\/p>\n<\/div><\/div><div class=\"w-btn-wrapper align_none\"><a class=\"w-btn us-btn-style_7\" href=\"\/es\/normas-de-certificacion\/\"><span class=\"w-btn-label\">Ver todas las certificaciones y normas<\/span><\/a><\/div><\/div><\/div><\/div><\/div><\/div><\/div><\/div><\/div><\/div><\/section><section class=\"l-section wpb_row height_medium\"><div class=\"l-section-h i-cf\"><div class=\"g-cols vc_row via_flex valign_top type_default stacking_default\"><div class=\"vc_col-sm-12 wpb_column vc_column_container\"><div class=\"vc_column-inner\"><div class=\"vc_column-overlay\" style=\"background:#f2f2f2\"><\/div><div class=\"wpb_wrapper\"><div class=\"w-separator size_medium\"><\/div><div class=\"wpb_text_column us_custom_0d9e4816 has_text_color\"><div class=\"wpb_wrapper\"><h6 style=\"text-align: center;\">Nuestro equipo de asistencia<\/h6>\n<\/div><\/div><div class=\"w-separator size_medium\"><\/div><div class=\"g-cols wpb_row via_flex valign_top type_default stacking_default\"><div class=\"vc_col-sm-4 wpb_column vc_column_container\"><div class=\"vc_column-inner\"><div class=\"wpb_wrapper\"><div class=\"w-image align_none\"><div class=\"w-image-h\"><img decoding=\"async\" width=\"800\" height=\"800\" src=\"https:\/\/www.magneticinnovations.com\/wp-content\/uploads\/2023\/06\/Said-800x800px.jpg\" class=\"attachment-full size-full\" alt=\"\" loading=\"lazy\" srcset=\"https:\/\/www.magneticinnovations.com\/wp-content\/uploads\/2023\/06\/Said-800x800px.jpg 800w, https:\/\/www.magneticinnovations.com\/wp-content\/uploads\/2023\/06\/Said-800x800px-300x300.jpg 300w, https:\/\/www.magneticinnovations.com\/wp-content\/uploads\/2023\/06\/Said-800x800px-150x150.jpg 150w\" sizes=\"auto, (max-width: 800px) 100vw, 800px\" \/><\/div><\/div><div class=\"w-separator size_medium\"><\/div><div class=\"wpb_text_column us_custom_c901145c\"><div class=\"wpb_wrapper\"><h3>Sa\u00efd Lafkiri<\/h3>\n<\/div><\/div><div class=\"wpb_text_column us_custom_0d9e4816 has_text_color\"><div class=\"wpb_wrapper\"><p>Ingeniero de ventas<\/p>\n<\/div><\/div><\/div><\/div><\/div><div class=\"vc_col-sm-4 wpb_column vc_column_container\"><div class=\"vc_column-inner\"><div class=\"wpb_wrapper\"><div class=\"w-image align_none\"><div class=\"w-image-h\"><img decoding=\"async\" width=\"800\" height=\"800\" src=\"https:\/\/www.magneticinnovations.com\/wp-content\/uploads\/2023\/06\/Priscilla-800x800px.jpg\" class=\"attachment-full size-full\" alt=\"\" loading=\"lazy\" srcset=\"https:\/\/www.magneticinnovations.com\/wp-content\/uploads\/2023\/06\/Priscilla-800x800px.jpg 800w, https:\/\/www.magneticinnovations.com\/wp-content\/uploads\/2023\/06\/Priscilla-800x800px-300x300.jpg 300w, https:\/\/www.magneticinnovations.com\/wp-content\/uploads\/2023\/06\/Priscilla-800x800px-150x150.jpg 150w\" sizes=\"auto, (max-width: 800px) 100vw, 800px\" \/><\/div><\/div><div class=\"w-separator size_medium\"><\/div><div class=\"wpb_text_column us_custom_c901145c\"><div class=\"wpb_wrapper\"><h3>Priscilla van der Kleij<\/h3>\n<\/div><\/div><div class=\"wpb_text_column us_custom_0d9e4816 has_text_color\"><div class=\"wpb_wrapper\"><p>Marketing y Ventas<\/p>\n<\/div><\/div><\/div><\/div><\/div><div class=\"vc_col-sm-4 wpb_column vc_column_container\"><div class=\"vc_column-inner\"><div class=\"wpb_wrapper\"><div class=\"w-image align_none\"><div class=\"w-image-h\"><img decoding=\"async\" width=\"800\" height=\"800\" src=\"https:\/\/www.magneticinnovations.com\/wp-content\/uploads\/2023\/06\/Cor-800x800px.jpg\" class=\"attachment-full size-full\" alt=\"\" loading=\"lazy\" srcset=\"https:\/\/www.magneticinnovations.com\/wp-content\/uploads\/2023\/06\/Cor-800x800px.jpg 800w, https:\/\/www.magneticinnovations.com\/wp-content\/uploads\/2023\/06\/Cor-800x800px-300x300.jpg 300w, https:\/\/www.magneticinnovations.com\/wp-content\/uploads\/2023\/06\/Cor-800x800px-150x150.jpg 150w\" sizes=\"auto, (max-width: 800px) 100vw, 800px\" \/><\/div><\/div><div class=\"w-separator size_medium\"><\/div><div class=\"wpb_text_column us_custom_c901145c\"><div class=\"wpb_wrapper\"><h3>Cor van den Heuvel<\/h3>\n<\/div><\/div><div class=\"wpb_text_column us_custom_0d9e4816 has_text_color\"><div class=\"wpb_wrapper\"><p>Director de Ventas y Marketing<\/p>\n<\/div><\/div><\/div><\/div><\/div><\/div><div class=\"w-separator size_medium\"><\/div><div class=\"g-cols wpb_row via_flex valign_top type_boxes stacking_default\"><div class=\"vc_col-sm-6 wpb_column vc_column_container\"><div class=\"vc_column-inner\"><div class=\"wpb_wrapper\"><div class=\"wpb_text_column\"><div class=\"wpb_wrapper\"><h6 class=\"translation-block\">Ponte en contacto con el equipo de asistencia<\/h6>\n<p>Si deseas recibir un presupuesto, tienes una pregunta sobre nuestros productos o quieres saber qu\u00e9 podemos hacer por ti en concreto, rellena nuestro formulario de contacto. Procuraremos ponernos en contacto contigo en las pr\u00f3ximas 24 horas.<\/p>\n<\/div><\/div><\/div><\/div><\/div><div class=\"vc_col-sm-6 wpb_column vc_column_container\"><div class=\"vc_column-inner\"><div class=\"wpb_wrapper\"><div class=\"wpb_text_column\"><div class=\"wpb_wrapper\">\n\t\t\t\t\t\t<script>\n\t\t\t\t\t\t\twindow.hsFormsOnReady = window.hsFormsOnReady || [];\n\t\t\t\t\t\t\twindow.hsFormsOnReady.push(()=>{\n\t\t\t\t\t\t\t\thbspt.forms.create({\n\t\t\t\t\t\t\t\t\tportalId: 2931142,\n\t\t\t\t\t\t\t\t\tformId: \"91835a9b-77f9-49df-af56-b765083f163a\",\n\t\t\t\t\t\t\t\t\ttarget: \"#hbspt-form-1776964310000-9747346658\",\n\t\t\t\t\t\t\t\t\tregion: \"na1\",\n\t\t\t\t\t\t\t\t\t\n\t\t\t\t\t\t\t})});\n\t\t\t\t\t\t<\/script>\n\t\t\t\t\t\t<div class=\"hbspt-form\" id=\"hbspt-form-1776964310000-9747346658\"><\/div>\n<\/div><\/div><\/div><\/div><\/div><\/div><\/div><\/div><\/div><\/div><\/div><\/section><section class=\"l-section wpb_row height_auto\"><div class=\"l-section-h i-cf\"><div class=\"g-cols vc_row via_flex valign_top type_default stacking_default\"><div class=\"vc_col-sm-12 wpb_column vc_column_container\"><div class=\"vc_column-inner\"><div class=\"wpb_wrapper\"><div class=\"w-separator size_medium\"><\/div><\/div><\/div><\/div><\/div><\/div><\/section>","protected":false},"excerpt":{"rendered":"Nuestra misi\u00f3n y visi\u00f3n Nuestra misi\u00f3n y visi\u00f3n son convertirnos en el proveedor l\u00edder de motores de accionamiento directo y actuadores lineales personalizados de gama alta. Nos esforzamos por alcanzar la excelencia y dar un paso m\u00e1s poniendo calidad en todo lo que hacemos. Creemos que la innovaci\u00f3n t\u00e9cnica y un futuro sostenible pueden estar en armon\u00eda. Sectores...","protected":false},"author":5,"featured_media":0,"parent":0,"menu_order":0,"comment_status":"closed","ping_status":"closed","template":"","meta":{"_seopress_robots_primary_cat":"","_seopress_titles_title":"About us | Magnetic Innovations | Direct Drive Motors","_seopress_titles_desc":"Get your direct drive motor technology from the experts. Read more about who we are and what we have to offer you!","_seopress_robots_index":"","content-type":"","footnotes":""},"class_list":["post-18","page","type-page","status-publish","hentry"],"_links":{"self":[{"href":"https:\/\/www.magneticinnovations.com\/es\/wp-json\/wp\/v2\/pages\/18","targetHints":{"allow":["GET"]}}],"collection":[{"href":"https:\/\/www.magneticinnovations.com\/es\/wp-json\/wp\/v2\/pages"}],"about":[{"href":"https:\/\/www.magneticinnovations.com\/es\/wp-json\/wp\/v2\/types\/page"}],"author":[{"embeddable":true,"href":"https:\/\/www.magneticinnovations.com\/es\/wp-json\/wp\/v2\/users\/5"}],"replies":[{"embeddable":true,"href":"https:\/\/www.magneticinnovations.com\/es\/wp-json\/wp\/v2\/comments?post=18"}],"version-history":[{"count":0,"href":"https:\/\/www.magneticinnovations.com\/es\/wp-json\/wp\/v2\/pages\/18\/revisions"}],"wp:attachment":[{"href":"https:\/\/www.magneticinnovations.com\/es\/wp-json\/wp\/v2\/media?parent=18"}],"curies":[{"name":"wp","href":"https:\/\/api.w.org\/{rel}","templated":true}]}}