{"id":16,"date":"2023-05-01T08:28:25","date_gmt":"2023-05-01T08:28:25","guid":{"rendered":"https:\/\/magnetic.questo.nl\/?page_id=16"},"modified":"2024-07-17T15:07:12","modified_gmt":"2024-07-17T15:07:12","slug":"contact","status":"publish","type":"page","link":"https:\/\/www.magneticinnovations.com\/es\/contact\/","title":{"rendered":"contacto"},"content":{"rendered":"<section class=\"l-section wpb_row height_auto\"><div class=\"l-section-h i-cf\"><div class=\"g-cols vc_row via_flex valign_top type_default stacking_default\"><div class=\"vc_col-sm-12 wpb_column vc_column_container\"><div class=\"vc_column-inner\"><div class=\"wpb_wrapper\"><div class=\"w-separator size_custom\" style=\"height:60px\" id=\"we8e\"><style>@media(max-width:1024px){ #we8e{height:30px!important}}@media(max-width:600px){ #we8e{height:0px!important}}<\/style><\/div><div class=\"w-image align_none\"><div class=\"w-image-h\"><img fetchpriority=\"high\" decoding=\"async\" width=\"1340\" height=\"500\" src=\"https:\/\/www.magneticinnovations.com\/wp-content\/uploads\/2023\/09\/contact-magnetic-innovations.gif\" class=\"attachment-full size-full\" alt=\"\" loading=\"eager\" \/><\/div><\/div><\/div><\/div><\/div><\/div><\/div><\/section><section class=\"l-section wpb_row us_custom_ea15b364 height_medium\"><div class=\"l-section-h i-cf\"><div class=\"g-cols vc_row via_flex valign_top type_default stacking_default\"><div class=\"vc_col-sm-6 wpb_column vc_column_container\"><div class=\"vc_column-inner us_custom_8e915e80\"><div class=\"wpb_wrapper\"><div class=\"wpb_text_column us_custom_54456bbe\"><div class=\"wpb_wrapper\"><h1>Cont\u00e1ctanos<\/h1>\n<\/div><\/div><\/div><\/div><\/div><div class=\"vc_col-sm-6 wpb_column vc_column_container\"><div class=\"vc_column-inner us_custom_a5ef9130\"><div class=\"wpb_wrapper\"><div class=\"wpb_text_column\"><div class=\"wpb_wrapper\"><p>\u00bfBuscas m\u00e1s informaci\u00f3n o quieres hablar con uno de nuestros ingenieros t\u00e9cnicos? Tambi\u00e9n puedes ponerte en contacto directamente con nosotros.<\/p>\n<\/div><\/div><\/div><\/div><\/div><\/div><\/div><\/section><section class=\"l-section wpb_row height_medium\"><div class=\"l-section-h i-cf\"><div class=\"g-cols vc_row via_flex valign_top type_default stacking_default\"><div class=\"vc_col-sm-7 wpb_column vc_column_container\"><div class=\"vc_column-inner\"><div class=\"wpb_wrapper\"><div class=\"w-image align_none\"><div class=\"w-image-h\"><img decoding=\"async\" width=\"800\" height=\"400\" src=\"https:\/\/www.magneticinnovations.com\/wp-content\/uploads\/2023\/06\/contact_maps-800x400px.jpg\" class=\"attachment-full size-full\" alt=\"Habraken 2150\" loading=\"lazy\" srcset=\"https:\/\/www.magneticinnovations.com\/wp-content\/uploads\/2023\/06\/contact_maps-800x400px.jpg 800w, https:\/\/www.magneticinnovations.com\/wp-content\/uploads\/2023\/06\/contact_maps-800x400px-300x150.jpg 300w\" sizes=\"auto, (max-width: 800px) 100vw, 800px\" \/><\/div><\/div><\/div><\/div><\/div><div class=\"vc_col-sm-5 wpb_column vc_column_container\"><div class=\"vc_column-inner us_custom_c24d0433\"><div class=\"wpb_wrapper\"><div class=\"wpb_text_column\"><div class=\"wpb_wrapper\"><h3>Direcci\u00f3n<\/h3>\n<p>Habraken 2150<br \/>\n5507 TH<br \/>\nVeldhoven<br \/>\nPa\u00edses Bajos<\/p>\n<p><a href=\"tel:+31 40 230 41 12\">+31 40 230 41 12<\/a><br \/>\n<a href=\"mailto:info@magneticinnovations.com\">info@magneticinnovations.com<\/a><\/p>\n<\/div><\/div><div class=\"w-separator size_small\"><\/div><div class=\"wpb_text_column\"><div class=\"wpb_wrapper\"><h3>HORARIO DE APERTURA<\/h3>\n<table style=\"max-width: 300px;\">\n<tbody>\n<tr>\n<td>Lunes<\/td>\n<td>08:00 -17:00 CET<\/td>\n<\/tr>\n<tr>\n<td>Martes<\/td>\n<td>08:00 -17:00 CET<\/td>\n<\/tr>\n<tr>\n<td>Mi\u00e9rcoles<\/td>\n<td>08:00 -17:00 CET<\/td>\n<\/tr>\n<tr>\n<td>Jueves<\/td>\n<td>08:00 -17:00 CET<\/td>\n<\/tr>\n<tr>\n<td>Viernes<\/td>\n<td>08:00 -17:00 CET<\/td>\n<\/tr>\n<tr>\n<td>S\u00e1bado<\/td>\n<td>Cerrado<\/td>\n<\/tr>\n<tr>\n<td>Domingo<\/td>\n<td>Cerrado<\/td>\n<\/tr>\n<\/tbody>\n<\/table>\n<\/div><\/div><div class=\"w-separator size_small\"><\/div><\/div><\/div><\/div><\/div><\/div><\/section><section class=\"l-section wpb_row height_auto\"><div class=\"l-section-h i-cf\"><div class=\"g-cols vc_row via_flex valign_top type_default stacking_default\"><div class=\"vc_col-sm-12 wpb_column vc_column_container\"><div class=\"vc_column-inner\"><div class=\"wpb_wrapper\"><section class=\"l-section wpb_row height_medium color_alternate\"><div class=\"l-section-h i-cf\"><div class=\"g-cols vc_row via_flex valign_top type_boxes stacking_default\" style=\"--additional-gap:3rem;\"><div class=\"vc_col-sm-6 wpb_column vc_column_container\"><div class=\"vc_column-inner us_custom_0d2adaf3\"><div class=\"wpb_wrapper\"><div class=\"wpb_text_column\"><div class=\"wpb_wrapper\"><h6 class=\"translation-block\">Ponte en contacto con el equipo de asistencia<\/h6>\n<p>Si deseas recibir un presupuesto, tienes una pregunta sobre nuestros productos o quieres saber qu\u00e9 podemos hacer por ti en concreto, rellena nuestro formulario de contacto. Procuraremos ponernos en contacto contigo en las pr\u00f3ximas 24 horas.<\/p>\n<\/div><\/div><\/div><\/div><\/div><div class=\"vc_col-sm-6 wpb_column vc_column_container\"><div class=\"vc_column-inner\"><div class=\"wpb_wrapper\"><div class=\"wpb_text_column\"><div class=\"wpb_wrapper\"><p><span>\n\t\t\t\t\t\t<script>\n\t\t\t\t\t\t\twindow.hsFormsOnReady = window.hsFormsOnReady || [];\n\t\t\t\t\t\t\twindow.hsFormsOnReady.push(()=>{\n\t\t\t\t\t\t\t\thbspt.forms.create({\n\t\t\t\t\t\t\t\t\tportalId: 2931142,\n\t\t\t\t\t\t\t\t\tformId: \"91835a9b-77f9-49df-af56-b765083f163a\",\n\t\t\t\t\t\t\t\t\ttarget: \"#hbspt-form-1776689547000-5250470136\",\n\t\t\t\t\t\t\t\t\tregion: \"na1\",\n\t\t\t\t\t\t\t\t\t\n\t\t\t\t\t\t\t})});\n\t\t\t\t\t\t<\/script>\n\t\t\t\t\t\t<div class=\"hbspt-form\" id=\"hbspt-form-1776689547000-5250470136\"><\/div><\/span><\/p>\n<\/div><\/div><\/div><\/div><\/div><\/div><\/div><\/section>\n<div class=\"w-separator size_large\"><\/div><\/div><\/div><\/div><\/div><\/div><\/section><section class=\"l-section wpb_row height_medium width_full\"><div class=\"l-section-overlay\" style=\"background:#f5f5f5\"><\/div><div class=\"l-section-h i-cf\"><div class=\"g-cols vc_row via_flex valign_top type_default stacking_default\"><div class=\"vc_col-sm-12 wpb_column vc_column_container\"><div class=\"vc_column-inner\"><div class=\"wpb_wrapper\"><div class=\"wpb_text_column us_custom_0d9e4816 has_text_color\"><div class=\"wpb_wrapper\"><h6 style=\"text-align: center;\">Nuestros motores de accionamiento directo<\/h6>\n<\/div><\/div><div class=\"w-separator size_medium\"><\/div><div class=\"w-grid us_carousel type_carousel layout_763 preload_style_spinner items_4 ratio_custom\" id=\"us_grid_1\" style=\"--items:4;--gap:1.5rem;--item-ratio:1.25;\"><style>.layout_763 .w-grid-item-h{background:#2fa8c4}.layout_763 .usg_post_image_1{transition-duration:0.35s;transform-origin:50% 50%;transform:scale(1) translate(0%,0%)}.layout_763 .w-grid-item-h:focus-within .usg_post_image_1,.layout_763 .w-grid-item-h:hover .usg_post_image_1{transform:scale(1.1) translate(0%,0%);opacity:0.5}.layout_763 .usg_post_image_1{position:absolute!important;left:0!important;top:0!important;bottom:0!important;right:0!important;background:rgba(47,168,196,0.50)!important}.layout_763 .usg_vwrapper_1{position:absolute!important;left:0!important;bottom:0!important;right:0!important;padding:4rem!important;background:linear-gradient(transparent,rgba(30,30,30,0.8))!important}.layout_763 .usg_post_title_1{color:#ffffff!important;padding-bottom:1.5rem!important}<\/style><div class=\"w-grid-list owl-carousel valign_stretch dotstyle_circle navstyle_circle arrows-ver-pos_middle arrows-hor-pos_on_sides_outside arrows-disabled_hide owl-responsive-2000 center_item\" style=\"--transition-duration:350ms;\">\t<article class=\"w-grid-item post-14778 products type-products status-publish has-post-thumbnail hentry category-product\" data-id=\"14778\">\r\n\t\t<div class=\"w-grid-item-h\">\r\n\t\t\t\t\t\t\t<a href=\"https:\/\/www.magneticinnovations.com\/es\/products\/magnetic-gravity-compensation\/\" class=\"w-grid-item-anchor\" aria-label=\"Compensador magn\u00e9tico de gravedad (MGC)\"><\/a>\r\n\t\t\t\t\t\t<div class=\"w-post-elm post_image usg_post_image_1 stretched\"><img loading=\"lazy\" decoding=\"async\" width=\"900\" height=\"900\" src=\"https:\/\/www.magneticinnovations.com\/wp-content\/uploads\/2025\/07\/Hightech-Magnetic-Gravity-Compensation.jpg\" class=\"attachment-full size-full wp-post-image\" alt=\"\" srcset=\"https:\/\/www.magneticinnovations.com\/wp-content\/uploads\/2025\/07\/Hightech-Magnetic-Gravity-Compensation.jpg 900w, https:\/\/www.magneticinnovations.com\/wp-content\/uploads\/2025\/07\/Hightech-Magnetic-Gravity-Compensation-500x500.jpg 500w, https:\/\/www.magneticinnovations.com\/wp-content\/uploads\/2025\/07\/Hightech-Magnetic-Gravity-Compensation-150x150.jpg 150w, https:\/\/www.magneticinnovations.com\/wp-content\/uploads\/2025\/07\/Hightech-Magnetic-Gravity-Compensation-12x12.jpg 12w\" sizes=\"auto, (max-width: 900px) 100vw, 900px\" \/><\/div><div class=\"w-vwrapper usg_vwrapper_1 align_none valign_top\"><h2 class=\"w-post-elm post_title usg_post_title_1 has_text_color entry-title color_link_inherit\">Compensador magn\u00e9tico de gravedad (MGC)<\/h2><button tabindex=\"-1\" class=\"w-btn us-btn-style_8 usg_btn_1\"><span class=\"w-btn-label\">Leer m\u00e1s<\/span><\/button><\/div>\t\t<\/div>\r\n\t\t\t<\/article>\r\n\t<article class=\"w-grid-item post-10847 products type-products status-publish has-post-thumbnail hentry category-product\" data-id=\"10847\">\r\n\t\t<div class=\"w-grid-item-h\">\r\n\t\t\t\t\t\t\t<a href=\"https:\/\/www.magneticinnovations.com\/es\/products\/vacuum-actuators\/\" class=\"w-grid-item-anchor\" aria-label=\"Vacuum Motors\"><\/a>\r\n\t\t\t\t\t\t<div class=\"w-post-elm post_image usg_post_image_1 stretched\"><img loading=\"lazy\" decoding=\"async\" width=\"1000\" height=\"1000\" src=\"https:\/\/www.magneticinnovations.com\/wp-content\/uploads\/2024\/10\/Vacuum-actuator-MI.jpg\" class=\"attachment-full size-full wp-post-image\" alt=\"\" srcset=\"https:\/\/www.magneticinnovations.com\/wp-content\/uploads\/2024\/10\/Vacuum-actuator-MI.jpg 1000w, https:\/\/www.magneticinnovations.com\/wp-content\/uploads\/2024\/10\/Vacuum-actuator-MI-500x500.jpg 500w, https:\/\/www.magneticinnovations.com\/wp-content\/uploads\/2024\/10\/Vacuum-actuator-MI-150x150.jpg 150w, https:\/\/www.magneticinnovations.com\/wp-content\/uploads\/2024\/10\/Vacuum-actuator-MI-12x12.jpg 12w\" sizes=\"auto, (max-width: 1000px) 100vw, 1000px\" \/><\/div><div class=\"w-vwrapper usg_vwrapper_1 align_none valign_top\"><h2 class=\"w-post-elm post_title usg_post_title_1 has_text_color entry-title color_link_inherit\">Vacuum Motors<\/h2><button tabindex=\"-1\" class=\"w-btn us-btn-style_8 usg_btn_1\"><span class=\"w-btn-label\">Leer m\u00e1s<\/span><\/button><\/div>\t\t<\/div>\r\n\t\t\t<\/article>\r\n\t<article class=\"w-grid-item post-11226 products type-products status-publish has-post-thumbnail hentry category-product\" data-id=\"11226\">\r\n\t\t<div class=\"w-grid-item-h\">\r\n\t\t\t\t\t\t\t<a href=\"https:\/\/www.magneticinnovations.com\/es\/products\/electric-linear-actuator\/\" class=\"w-grid-item-anchor\" aria-label=\"Actuador El\u00e9ctrico Lineal\"><\/a>\r\n\t\t\t\t\t\t<div class=\"w-post-elm post_image usg_post_image_1 stretched\"><img loading=\"lazy\" decoding=\"async\" width=\"1000\" height=\"1000\" src=\"https:\/\/www.magneticinnovations.com\/wp-content\/uploads\/2023\/07\/MI-2011-100-04-MMA-3070-01-1000x1000px.jpg\" class=\"attachment-full size-full wp-post-image\" alt=\"Actuador lineal de bobina m\u00f3vil\" srcset=\"https:\/\/www.magneticinnovations.com\/wp-content\/uploads\/2023\/07\/MI-2011-100-04-MMA-3070-01-1000x1000px.jpg 1000w, https:\/\/www.magneticinnovations.com\/wp-content\/uploads\/2023\/07\/MI-2011-100-04-MMA-3070-01-1000x1000px-300x300.jpg 300w, https:\/\/www.magneticinnovations.com\/wp-content\/uploads\/2023\/07\/MI-2011-100-04-MMA-3070-01-1000x1000px-150x150.jpg 150w, https:\/\/www.magneticinnovations.com\/wp-content\/uploads\/2023\/07\/MI-2011-100-04-MMA-3070-01-1000x1000px-800x800.jpg 800w\" sizes=\"auto, (max-width: 1000px) 100vw, 1000px\" \/><\/div><div class=\"w-vwrapper usg_vwrapper_1 align_none valign_top\"><h2 class=\"w-post-elm post_title usg_post_title_1 has_text_color entry-title color_link_inherit\">Actuador El\u00e9ctrico Lineal<\/h2><button tabindex=\"-1\" class=\"w-btn us-btn-style_8 usg_btn_1\"><span class=\"w-btn-label\">Leer m\u00e1s<\/span><\/button><\/div>\t\t<\/div>\r\n\t\t\t<\/article>\r\n\t<article class=\"w-grid-item post-555 products type-products status-publish has-post-thumbnail hentry category-product\" data-id=\"555\">\r\n\t\t<div class=\"w-grid-item-h\">\r\n\t\t\t\t\t\t\t<a href=\"https:\/\/www.magneticinnovations.com\/es\/products\/belt-drive-motor\/\" class=\"w-grid-item-anchor\" aria-label=\"Motor de accionamiento de correa\"><\/a>\r\n\t\t\t\t\t\t<div class=\"w-post-elm post_image usg_post_image_1 stretched\"><img loading=\"lazy\" decoding=\"async\" width=\"1000\" height=\"1000\" src=\"https:\/\/www.magneticinnovations.com\/wp-content\/uploads\/2023\/06\/SBM125-140-S-DETAIL-1000x1000px.jpg\" class=\"attachment-full size-full wp-post-image\" alt=\"Motor de transmisi\u00f3n por correa\" srcset=\"https:\/\/www.magneticinnovations.com\/wp-content\/uploads\/2023\/06\/SBM125-140-S-DETAIL-1000x1000px.jpg 1000w, https:\/\/www.magneticinnovations.com\/wp-content\/uploads\/2023\/06\/SBM125-140-S-DETAIL-1000x1000px-300x300.jpg 300w, https:\/\/www.magneticinnovations.com\/wp-content\/uploads\/2023\/06\/SBM125-140-S-DETAIL-1000x1000px-150x150.jpg 150w, https:\/\/www.magneticinnovations.com\/wp-content\/uploads\/2023\/06\/SBM125-140-S-DETAIL-1000x1000px-800x800.jpg 800w\" sizes=\"auto, (max-width: 1000px) 100vw, 1000px\" \/><\/div><div class=\"w-vwrapper usg_vwrapper_1 align_none valign_top\"><h2 class=\"w-post-elm post_title usg_post_title_1 has_text_color entry-title color_link_inherit\">Motor de accionamiento de correa<\/h2><button tabindex=\"-1\" class=\"w-btn us-btn-style_8 usg_btn_1\"><span class=\"w-btn-label\">Leer m\u00e1s<\/span><\/button><\/div>\t\t<\/div>\r\n\t\t\t<\/article>\r\n\t<article class=\"w-grid-item post-553 products type-products status-publish has-post-thumbnail hentry category-product\" data-id=\"553\">\r\n\t\t<div class=\"w-grid-item-h\">\r\n\t\t\t\t\t\t\t<a href=\"https:\/\/www.magneticinnovations.com\/es\/products\/ec-fan-motor\/\" class=\"w-grid-item-anchor\" aria-label=\"Motor de ventilador EC\"><\/a>\r\n\t\t\t\t\t\t<div class=\"w-post-elm post_image usg_post_image_1 stretched\"><img loading=\"lazy\" decoding=\"async\" width=\"1000\" height=\"1000\" src=\"https:\/\/www.magneticinnovations.com\/wp-content\/uploads\/2023\/06\/FAN-MOTOR-01-1000x1000px.jpg\" class=\"attachment-full size-full wp-post-image\" alt=\"Motor del ventilador\" srcset=\"https:\/\/www.magneticinnovations.com\/wp-content\/uploads\/2023\/06\/FAN-MOTOR-01-1000x1000px.jpg 1000w, https:\/\/www.magneticinnovations.com\/wp-content\/uploads\/2023\/06\/FAN-MOTOR-01-1000x1000px-300x300.jpg 300w, https:\/\/www.magneticinnovations.com\/wp-content\/uploads\/2023\/06\/FAN-MOTOR-01-1000x1000px-150x150.jpg 150w, https:\/\/www.magneticinnovations.com\/wp-content\/uploads\/2023\/06\/FAN-MOTOR-01-1000x1000px-800x800.jpg 800w\" sizes=\"auto, (max-width: 1000px) 100vw, 1000px\" \/><\/div><div class=\"w-vwrapper usg_vwrapper_1 align_none valign_top\"><h2 class=\"w-post-elm post_title usg_post_title_1 has_text_color entry-title color_link_inherit\">Motor de ventilador EC<\/h2><button tabindex=\"-1\" class=\"w-btn us-btn-style_8 usg_btn_1\"><span class=\"w-btn-label\">Leer m\u00e1s<\/span><\/button><\/div>\t\t<\/div>\r\n\t\t\t<\/article>\r\n\t<article class=\"w-grid-item post-551 products type-products status-publish has-post-thumbnail hentry category-product\" data-id=\"551\">\r\n\t\t<div class=\"w-grid-item-h\">\r\n\t\t\t\t\t\t\t<a href=\"https:\/\/www.magneticinnovations.com\/es\/products\/high-speed-linear-actuator\/\" class=\"w-grid-item-anchor\" aria-label=\"Actuador Lineal de alta Velocidad\"><\/a>\r\n\t\t\t\t\t\t<div class=\"w-post-elm post_image usg_post_image_1 stretched\"><img loading=\"lazy\" decoding=\"async\" width=\"1000\" height=\"1000\" src=\"https:\/\/www.magneticinnovations.com\/wp-content\/uploads\/2023\/06\/high-speed-linear-actuator-9054-MMA.jpg\" class=\"attachment-full size-full wp-post-image\" alt=\"\" srcset=\"https:\/\/www.magneticinnovations.com\/wp-content\/uploads\/2023\/06\/high-speed-linear-actuator-9054-MMA.jpg 1000w, https:\/\/www.magneticinnovations.com\/wp-content\/uploads\/2023\/06\/high-speed-linear-actuator-9054-MMA-500x500.jpg 500w, https:\/\/www.magneticinnovations.com\/wp-content\/uploads\/2023\/06\/high-speed-linear-actuator-9054-MMA-150x150.jpg 150w, https:\/\/www.magneticinnovations.com\/wp-content\/uploads\/2023\/06\/high-speed-linear-actuator-9054-MMA-12x12.jpg 12w\" sizes=\"auto, (max-width: 1000px) 100vw, 1000px\" \/><\/div><div class=\"w-vwrapper usg_vwrapper_1 align_none valign_top\"><h2 class=\"w-post-elm post_title usg_post_title_1 has_text_color entry-title color_link_inherit\">Actuador Lineal de alta Velocidad<\/h2><button tabindex=\"-1\" class=\"w-btn us-btn-style_8 usg_btn_1\"><span class=\"w-btn-label\">Leer m\u00e1s<\/span><\/button><\/div>\t\t<\/div>\r\n\t\t\t<\/article>\r\n\t<article class=\"w-grid-item post-549 products type-products status-publish has-post-thumbnail hentry category-product\" data-id=\"549\">\r\n\t\t<div class=\"w-grid-item-h\">\r\n\t\t\t\t\t\t\t<a href=\"https:\/\/www.magneticinnovations.com\/es\/products\/torque-motors\/\" class=\"w-grid-item-anchor\" aria-label=\"Motores de Torque \u00abOutrunner\u00bb\"><\/a>\r\n\t\t\t\t\t\t<div class=\"w-post-elm post_image usg_post_image_1 stretched\"><img loading=\"lazy\" decoding=\"async\" width=\"1000\" height=\"1000\" src=\"https:\/\/www.magneticinnovations.com\/wp-content\/uploads\/2023\/06\/FRAMELESS-TORQUE-110-02-STATOR-1000x1000px.jpg\" class=\"attachment-full size-full wp-post-image\" alt=\"motor de par\" srcset=\"https:\/\/www.magneticinnovations.com\/wp-content\/uploads\/2023\/06\/FRAMELESS-TORQUE-110-02-STATOR-1000x1000px.jpg 1000w, https:\/\/www.magneticinnovations.com\/wp-content\/uploads\/2023\/06\/FRAMELESS-TORQUE-110-02-STATOR-1000x1000px-300x300.jpg 300w, https:\/\/www.magneticinnovations.com\/wp-content\/uploads\/2023\/06\/FRAMELESS-TORQUE-110-02-STATOR-1000x1000px-150x150.jpg 150w, https:\/\/www.magneticinnovations.com\/wp-content\/uploads\/2023\/06\/FRAMELESS-TORQUE-110-02-STATOR-1000x1000px-800x800.jpg 800w\" sizes=\"auto, (max-width: 1000px) 100vw, 1000px\" \/><\/div><div class=\"w-vwrapper usg_vwrapper_1 align_none valign_top\"><h2 class=\"w-post-elm post_title usg_post_title_1 has_text_color entry-title color_link_inherit\">Motores de Torque \u00abOutrunner\u00bb<\/h2><button tabindex=\"-1\" class=\"w-btn us-btn-style_8 usg_btn_1\"><span class=\"w-btn-label\">Leer m\u00e1s<\/span><\/button><\/div>\t\t<\/div>\r\n\t\t\t<\/article>\r\n\t<article class=\"w-grid-item post-7751 products type-products status-publish has-post-thumbnail hentry category-product\" data-id=\"7751\">\r\n\t\t<div class=\"w-grid-item-h\">\r\n\t\t\t\t\t\t\t<a href=\"https:\/\/www.magneticinnovations.com\/es\/products\/brushless-inrunner-pmsm-torque-motors\/\" class=\"w-grid-item-anchor\" aria-label=\"Motores de Torque \u00abInrunner\u00bb\"><\/a>\r\n\t\t\t\t\t\t<div class=\"w-post-elm post_image usg_post_image_1 stretched\"><img loading=\"lazy\" decoding=\"async\" width=\"800\" height=\"800\" src=\"https:\/\/www.magneticinnovations.com\/wp-content\/uploads\/2024\/06\/Web-Inner-rotor-motor-170mm.jpg\" class=\"attachment-full size-full wp-post-image\" alt=\"Inrunner sin escobillas\" srcset=\"https:\/\/www.magneticinnovations.com\/wp-content\/uploads\/2024\/06\/Web-Inner-rotor-motor-170mm.jpg 800w, https:\/\/www.magneticinnovations.com\/wp-content\/uploads\/2024\/06\/Web-Inner-rotor-motor-170mm-500x500.jpg 500w, https:\/\/www.magneticinnovations.com\/wp-content\/uploads\/2024\/06\/Web-Inner-rotor-motor-170mm-150x150.jpg 150w, https:\/\/www.magneticinnovations.com\/wp-content\/uploads\/2024\/06\/Web-Inner-rotor-motor-170mm-12x12.jpg 12w\" sizes=\"auto, (max-width: 800px) 100vw, 800px\" \/><\/div><div class=\"w-vwrapper usg_vwrapper_1 align_none valign_top\"><h2 class=\"w-post-elm post_title usg_post_title_1 has_text_color entry-title color_link_inherit\">Motores de Torque \u00abInrunner\u00bb<\/h2><button tabindex=\"-1\" class=\"w-btn us-btn-style_8 usg_btn_1\"><span class=\"w-btn-label\">Leer m\u00e1s<\/span><\/button><\/div>\t\t<\/div>\r\n\t\t\t<\/article>\r\n<\/div><div class=\"w-grid-carousel-json hidden\" onclick='return {&quot;carousel_settings&quot;:{&quot;aria_labels&quot;:{&quot;prev&quot;:&quot;Anterior&quot;,&quot;next&quot;:&quot;Siguiente&quot;},&quot;autoplayContinual&quot;:false,&quot;autoplayHoverPause&quot;:false,&quot;autoplayTimeout&quot;:3000,&quot;autoWidth&quot;:false,&quot;smartSpeed&quot;:350,&quot;margin&quot;:0,&quot;mouseDrag&quot;:true,&quot;rtl&quot;:false,&quot;slideBy&quot;:&quot;1&quot;,&quot;touchDrag&quot;:true,&quot;slideTransition&quot;:&quot;linear&quot;,&quot;responsive&quot;:{&quot;0&quot;:{&quot;autoHeight&quot;:false,&quot;autoplay&quot;:true,&quot;autoWidth&quot;:false,&quot;center&quot;:true,&quot;dots&quot;:false,&quot;items&quot;:1,&quot;loop&quot;:true,&quot;nav&quot;:false,&quot;stagePadding&quot;:0,&quot;slideBy&quot;:&quot;1&quot;},&quot;700&quot;:{&quot;autoHeight&quot;:false,&quot;autoplay&quot;:true,&quot;autoWidth&quot;:false,&quot;center&quot;:true,&quot;dots&quot;:false,&quot;items&quot;:2,&quot;loop&quot;:true,&quot;nav&quot;:false,&quot;stagePadding&quot;:0,&quot;slideBy&quot;:&quot;1&quot;},&quot;1025&quot;:{&quot;autoHeight&quot;:false,&quot;autoplay&quot;:true,&quot;autoWidth&quot;:false,&quot;center&quot;:true,&quot;dots&quot;:false,&quot;items&quot;:3,&quot;loop&quot;:true,&quot;nav&quot;:false,&quot;stagePadding&quot;:0,&quot;slideBy&quot;:&quot;1&quot;},&quot;1381&quot;:{&quot;items&quot;:4,&quot;autoplay&quot;:true,&quot;center&quot;:true,&quot;dots&quot;:false,&quot;nav&quot;:false,&quot;autoHeight&quot;:false,&quot;autoWidth&quot;:false,&quot;loop&quot;:true,&quot;stagePadding&quot;:0}}}}'><\/div><\/div><\/div><\/div><\/div><\/div><\/div><\/section>","protected":false},"excerpt":{"rendered":"InicioP\u00e1ginasMotores de par PMSM sin escobillas Los motores s\u00edncronos de imanes permanentes (PMSM) sin escobillas son motores el\u00e9ctricos avanzados que utilizan imanes permanentes en el rotor. En los motores brushless inrunner, el rotor est\u00e1 situado dentro del estator, creando un dise\u00f1o compacto y robusto. Ofrecemos una gama de modelos de la serie IR-F con par continuo...","protected":false},"author":5,"featured_media":0,"parent":0,"menu_order":0,"comment_status":"closed","ping_status":"closed","template":"","meta":{"_seopress_robots_primary_cat":"","_seopress_titles_title":"Contact | Direct Drive Company | Magnetic Innovations","_seopress_titles_desc":"Interested in High Torque, direct drive, PMSM motors or actuators? For a quotation or more information, contact us!","_seopress_robots_index":"","content-type":"","footnotes":""},"class_list":["post-16","page","type-page","status-publish","hentry"],"_links":{"self":[{"href":"https:\/\/www.magneticinnovations.com\/es\/wp-json\/wp\/v2\/pages\/16","targetHints":{"allow":["GET"]}}],"collection":[{"href":"https:\/\/www.magneticinnovations.com\/es\/wp-json\/wp\/v2\/pages"}],"about":[{"href":"https:\/\/www.magneticinnovations.com\/es\/wp-json\/wp\/v2\/types\/page"}],"author":[{"embeddable":true,"href":"https:\/\/www.magneticinnovations.com\/es\/wp-json\/wp\/v2\/users\/5"}],"replies":[{"embeddable":true,"href":"https:\/\/www.magneticinnovations.com\/es\/wp-json\/wp\/v2\/comments?post=16"}],"version-history":[{"count":0,"href":"https:\/\/www.magneticinnovations.com\/es\/wp-json\/wp\/v2\/pages\/16\/revisions"}],"wp:attachment":[{"href":"https:\/\/www.magneticinnovations.com\/es\/wp-json\/wp\/v2\/media?parent=16"}],"curies":[{"name":"wp","href":"https:\/\/api.w.org\/{rel}","templated":true}]}}