{"id":1282,"date":"2023-07-14T13:01:37","date_gmt":"2023-07-14T13:01:37","guid":{"rendered":"https:\/\/magnetic.questo.nl\/?page_id=1282"},"modified":"2025-09-04T10:16:58","modified_gmt":"2025-09-04T10:16:58","slug":"politica-de-cookies","status":"publish","type":"page","link":"https:\/\/www.magneticinnovations.com\/es\/cookie-policy\/","title":{"rendered":"Pol\u00edtica de cookies"},"content":{"rendered":"<section class=\"l-section wpb_row us_custom_f75c6008 height_medium\"><div class=\"l-section-h i-cf\"><div class=\"g-cols vc_row via_flex valign_top type_default stacking_default\"><div class=\"vc_col-sm-6 wpb_column vc_column_container\"><div class=\"vc_column-inner\"><div class=\"wpb_wrapper\"><div class=\"wpb_text_column us_custom_2a4bc045\"><div class=\"wpb_wrapper\"><h1>Pol\u00edtica de cookies<\/h1>\n<\/div><\/div><\/div><\/div><\/div><div class=\"vc_col-sm-6 wpb_column vc_column_container\"><div class=\"vc_column-inner\"><div class=\"wpb_wrapper\"><div class=\"wpb_text_column\"><div class=\"wpb_wrapper\"><p>Esta es la pol\u00edtica de cookies de Magnetic Innovations BV, accesible desde\u00a0<a href=\"https:\/\/www.magneticinnovations.com\/es\/\">www.magneticinnovations.com<\/a>. Utilizamos cookies en nuestro sitio web para que este funcione correctamente. Las cookies se colocan siempre en cumplimiento del Reglamento General de Protecci\u00f3n de Datos europeo (GDPR)<\/p>\n<\/div><\/div><\/div><\/div><\/div><\/div><\/div><\/section><section class=\"l-section wpb_row height_auto\"><div class=\"l-section-h i-cf\"><div class=\"g-cols vc_row via_flex valign_top type_default stacking_default\"><div class=\"vc_col-sm-12 wpb_column vc_column_container\"><div class=\"vc_column-inner\"><div class=\"wpb_wrapper\"><div class=\"w-separator us_custom_2cc16421 size_custom\" style=\"height:2px\"><\/div><div class=\"w-separator size_small\"><\/div><\/div><\/div><\/div><\/div><\/div><\/section><section class=\"l-section wpb_row height_medium\"><div class=\"l-section-h i-cf\"><div class=\"g-cols vc_row via_flex valign_top type_default stacking_default\"><div class=\"vc_col-sm-4 wpb_column vc_column_container\"><div class=\"vc_column-inner\"><div class=\"wpb_wrapper\"><\/div><\/div><\/div><div class=\"vc_col-sm-8 wpb_column vc_column_container\"><div class=\"vc_column-inner\"><div class=\"wpb_wrapper\"><div class=\"wpb_text_column us_custom_38e07046\"><div class=\"wpb_wrapper\"><h3>1. \u00bfQu\u00e9 son las cookies?<\/h3>\n<p>Una cookie es un fragmento de texto que recoge informaci\u00f3n necesaria para el correcto funcionamiento de un sitio web. Cuando abra el sitio web de Magnetic Innovations, se colocar\u00e1n cookies permitidas. En la medida en que se recopilen datos personales a trav\u00e9s de cookies, Magnetic Innovations remite a su declaraci\u00f3n de privacidad.<\/p>\n<\/div><\/div><div class=\"w-separator size_medium\"><\/div><div class=\"wpb_text_column us_custom_38e07046\"><div class=\"wpb_wrapper\"><h3>2. \u00bfQu\u00e9 cookies se utilizan?<\/h3>\n<p>Utilizamos cookies por una serie de razones que se detallan a continuaci\u00f3n. Lamentablemente, en la mayor\u00eda de los casos no existen opciones est\u00e1ndar para desactivar las cookies sin desactivar por completo la funcionalidad y las caracter\u00edsticas que a\u00f1aden a este sitio. Se recomienda dejar activadas todas las cookies si no est\u00e1 seguro de si las necesita o no en caso de que se utilicen para prestar un servicio que usted utilice.<\/p>\n<p>Este sitio web utiliza diferentes tipos de cookies, a continuaci\u00f3n encontrar\u00e1 una breve explicaci\u00f3n de cada tipo:<\/p>\n<ul>\n<li>Cookies esenciales del sitio web: Estas cookies son estrictamente necesarias para proporcionarle los servicios disponibles a trav\u00e9s de nuestro sitio web.<\/li>\n<li>Cookies anal\u00edticas: Estas cookies permiten mantener completamente an\u00f3nimo el comportamiento de los usuarios que visitan el sitio web. Sobre esta base, se realizan an\u00e1lisis que, en \u00faltima instancia, contribuyen a la conexi\u00f3n del sitio web con los deseos de los visitantes. El impacto de estas cookies en la privacidad del visitante es tan peque\u00f1o que no se requiere ning\u00fan permiso.<\/li>\n<li>Cookies funcionales: Estas cookies garantizan que el sitio web funcione como es debido y no haya que volver a introducir determinados datos o preferencias en cada visita. Tambi\u00e9n en el caso de estas cookies, suponen una violaci\u00f3n menor de la privacidad de los visitantes, por lo que no se requiere autorizaci\u00f3n previa.<\/li>\n<li>Cookies de preferencias del sitio: Con el fin de proporcionarle una gran experiencia en este sitio proporcionamos la funcionalidad para establecer sus preferencias sobre c\u00f3mo funciona este sitio cuando usted lo utiliza. Con el fin de recordar sus preferencias que necesitamos para establecer cookies para que esta informaci\u00f3n puede ser llamada cada vez que interact\u00faa con una p\u00e1gina se ve afectada por sus preferencias.<\/li>\n<li>Cookies publicitarias: Estas cookies se utilizan para que los mensajes publicitarios sean m\u00e1s relevantes para usted.<\/li>\n<li>Cookies de redes sociales: Estas cookies se utilizan para permitirle compartir p\u00e1ginas y contenidos que le resulten interesantes en nuestro sitio web.<\/li>\n<\/ul>\n<\/div><\/div><div class=\"w-separator size_medium\"><\/div><div class=\"wpb_text_column us_custom_38e07046\"><div class=\"wpb_wrapper\"><h3>3. Cookies de terceros proveedores<\/h3>\n<p>Magnetic Innovations tiene varias colaboraciones con herramientas de terceros proveedores. Estas herramientas nos ayudan a llevar a cabo el servicio de atenci\u00f3n al cliente, las ventas, la gesti\u00f3n log\u00edstica y las campa\u00f1as de marketing. Los proveedores externos, que tambi\u00e9n pueden procesar datos personales, han sido seleccionados de acuerdo con los requisitos del GDPR. Utilizamos los servicios de los siguientes proveedores externos:<\/p>\n<ul>\n<li>Google (Analytics, Mapas)<\/li>\n<li>Google (Anuncios, Manager, Display)<\/li>\n<li>Microsoft (Ads, Manager, Display)<\/li>\n<li>Formularios (Hubspot)<\/li>\n<li>Redes sociales (Youtube, LinkedIn y Facebook)<\/li>\n<li>Boletines electr\u00f3nicos<\/li>\n<\/ul>\n<\/div><\/div><div class=\"w-separator size_medium\"><\/div><div class=\"wpb_text_column us_custom_38e07046\"><div class=\"wpb_wrapper\"><h3>4. Cookies anal\u00edticas<\/h3>\n<p>Los an\u00e1lisis de terceros se utilizan para rastrear y medir el uso de este sitio para que podamos seguir produciendo contenido atractivo. Este sitio utiliza Google Analytics, una de las soluciones anal\u00edticas m\u00e1s extendidas y fiables de la web. Nos ayuda a comprender c\u00f3mo utilizan el sitio los visitantes y c\u00f3mo podemos mejorar su experiencia. Estas cookies pueden rastrear cosas como el tiempo que un visitante pasa en el sitio y las p\u00e1ginas que se visitan.<\/p>\n<p>Para m\u00e1s informaci\u00f3n, consulte la p\u00e1gina oficial\u00a0<a href=\"https:\/\/developers.google.com\/analytics\/devguides\/collection\/analyticsjs\/cookie-usage\" target=\"_blank\" rel=\"noreferrer noopener\">P\u00e1gina de Google Analytics<\/a>.<\/p>\n<\/div><\/div><div class=\"w-separator size_medium\"><\/div><div class=\"wpb_text_column us_custom_38e07046\"><div class=\"wpb_wrapper\"><h3>5. Cookies de Google y Microsoft Ads<\/h3>\n<p>La finalidad de este servicio es el denominado seguimiento de conversiones. Con \u00e9l podemos detectar lo que ocurri\u00f3 despu\u00e9s de que un visitante hiciera clic en nuestro anuncio de Google\/Microsoft. Para ello se colocan cookies, pero s\u00f3lo son v\u00e1lidas durante un tiempo limitado y no contienen datos personales. Por lo tanto, no es posible una identificaci\u00f3n individual del usuario.<\/p>\n<p>Dentro de Google Ads\/Microsoft Ads, tambi\u00e9n utilizamos publicidad gr\u00e1fica. La finalidad de este servicio es mostrar publicidad a los usuarios en funci\u00f3n de sus intereses. Para ello es necesario realizar un an\u00e1lisis del uso del sitio web, que se lleva a cabo utilizando cookies. En este proceso no se almacena ning\u00fan dato personal.<\/p>\n<\/div><\/div><div class=\"w-separator size_medium\"><\/div><div class=\"wpb_text_column us_custom_38e07046\"><div class=\"wpb_wrapper\"><h3>6. Cookies relacionadas con formularios \/ cookies de Hubspot<\/h3>\n<p>Cuando usted env\u00eda datos a trav\u00e9s de un formulario, como los que se encuentran en nuestra p\u00e1gina de contacto y p\u00e1ginas de productos, las cookies se pueden configurar para recordar sus datos de usuario para la correspondencia futura. Otras cookies, colocadas por hubspot, tambi\u00e9n nos permiten rastrear y orientar los intereses de nuestros visitantes. Estas cookies nos ayudan a mejorar la experiencia en nuestros sitios web, generar ventas, crear campa\u00f1as de marketing y servicios de suscripci\u00f3n.<\/p>\n<\/div><\/div><div class=\"w-separator size_medium\"><\/div><div class=\"wpb_text_column us_custom_38e07046\"><div class=\"wpb_wrapper\"><h3>7. Cookies de redes sociales<\/h3>\n<p>Tambi\u00e9n utilizamos botones y\/o plugins de redes sociales en este sitio que le permiten conectarse con su red social de diversas maneras. Para que funcionen, las siguientes redes sociales incluyen LinkedIn, Facebook y Youtube. Estos sitios instalar\u00e1n cookies a trav\u00e9s de nuestro sitio, que podr\u00e1n utilizarse para mejorar su perfil en su sitio o contribuir a los datos que poseen para diversos fines, descritos en sus respectivas pol\u00edticas de privacidad.<\/p>\n<\/div><\/div><div class=\"w-separator size_medium\"><\/div><div class=\"wpb_text_column us_custom_38e07046\"><div class=\"wpb_wrapper\"><h3>8. Cookies relacionadas con boletines por correo electr\u00f3nico<\/h3>\n<p>Este sitio ofrece servicios de suscripci\u00f3n a boletines o correos electr\u00f3nicos y las cookies pueden utilizarse para recordar si ya est\u00e1 registrado y si se muestran determinadas notificaciones que podr\u00edan ser v\u00e1lidas s\u00f3lo para usuarios suscritos\/no suscritos.<\/p>\n<\/div><\/div><div class=\"w-separator size_medium\"><\/div><div class=\"wpb_text_column us_custom_38e07046\"><div class=\"wpb_wrapper\"><h3>9. \u00bfCu\u00e1nto tiempo permanecen las galletas?<\/h3>\n<p>La mayor\u00eda de las cookies de este sitio web desaparecen al cerrar el navegador. Algunas cookies permanecen entre unos d\u00edas y unos a\u00f1os. Puede eliminarlas usted mismo en cualquier momento a trav\u00e9s de su navegador.<\/p>\n<\/div><\/div><div class=\"w-separator size_medium\"><\/div><div class=\"wpb_text_column us_custom_38e07046\"><div class=\"wpb_wrapper\"><h3>10. \u00bfC\u00f3mo eliminar o desactivar las cookies?<\/h3>\n<p>Siempre puede eliminar o desactivar las cookies usted mismo a trav\u00e9s de la configuraci\u00f3n de su navegador.<\/p>\n<p>En la mayor\u00eda de los navegadores encontrar\u00e1 explicaciones sobre c\u00f3mo ajustar la configuraci\u00f3n de las cookies en el bot\u00f3n \"Ayuda\".<\/p>\n<p>Nota: la mayor\u00eda de los sitios web no funcionan de forma \u00f3ptima si desactiva las cookies.<\/p>\n<\/div><\/div><div class=\"w-separator size_medium\"><\/div><div class=\"wpb_text_column us_custom_38e07046\"><div class=\"wpb_wrapper\"><h3>11. M\u00e1s informaci\u00f3n en<\/h3>\n<p>Esperamos que esta pol\u00edtica haya aclarado c\u00f3mo utilizamos las cookies para el sitio web www.magneticinnovations.com. Si desea m\u00e1s informaci\u00f3n, puede ponerse en contacto con nosotros a trav\u00e9s de <a href=\"mailto:info@www.magneticinnovations.com\">info@magneticinnovations.com<\/a>.<\/p>\n<\/div><\/div><div class=\"w-separator size_medium\"><\/div><\/div><\/div><\/div><\/div><\/div><\/section>","protected":false},"excerpt":{"rendered":"Pol\u00edtica de cookies Esta es la pol\u00edtica de cookies de Magnetic Innovations BV, accesible desde www.magneticinnovations.com. Utilizamos cookies en nuestro sitio web para que el sitio web funcione correctamente. Las cookies se colocan siempre en cumplimiento del Reglamento General Europeo de Protecci\u00f3n de Datos (GDPR) 1. \u00bfQu\u00e9 son las cookies? Una cookie es un fragmento de texto que recoge informaci\u00f3n necesaria...","protected":false},"author":5,"featured_media":0,"parent":0,"menu_order":0,"comment_status":"closed","ping_status":"closed","template":"","meta":{"_seopress_robots_primary_cat":"","_seopress_titles_title":"Cookie Policy | Magnetic Innovations | The Direct Drive Company","_seopress_titles_desc":"We use cookies on our website so that the website functions properly. Cookies are always placed in compliance with European GDPR.","_seopress_robots_index":"","content-type":"","footnotes":""},"class_list":["post-1282","page","type-page","status-publish","hentry"],"_links":{"self":[{"href":"https:\/\/www.magneticinnovations.com\/es\/wp-json\/wp\/v2\/pages\/1282","targetHints":{"allow":["GET"]}}],"collection":[{"href":"https:\/\/www.magneticinnovations.com\/es\/wp-json\/wp\/v2\/pages"}],"about":[{"href":"https:\/\/www.magneticinnovations.com\/es\/wp-json\/wp\/v2\/types\/page"}],"author":[{"embeddable":true,"href":"https:\/\/www.magneticinnovations.com\/es\/wp-json\/wp\/v2\/users\/5"}],"replies":[{"embeddable":true,"href":"https:\/\/www.magneticinnovations.com\/es\/wp-json\/wp\/v2\/comments?post=1282"}],"version-history":[{"count":0,"href":"https:\/\/www.magneticinnovations.com\/es\/wp-json\/wp\/v2\/pages\/1282\/revisions"}],"wp:attachment":[{"href":"https:\/\/www.magneticinnovations.com\/es\/wp-json\/wp\/v2\/media?parent=1282"}],"curies":[{"name":"wp","href":"https:\/\/api.w.org\/{rel}","templated":true}]}}