{"id":26,"date":"2023-05-01T08:29:33","date_gmt":"2023-05-01T08:29:33","guid":{"rendered":"https:\/\/magnetic.questo.nl\/?page_id=26"},"modified":"2023-09-27T12:08:04","modified_gmt":"2023-09-27T12:08:04","slug":"arbeitsplatze","status":"publish","type":"page","link":"https:\/\/www.magneticinnovations.com\/de\/careers\/","title":{"rendered":"Arbeitspl\u00e4tze"},"content":{"rendered":"<section class=\"l-section wpb_row height_auto\"><div class=\"l-section-h i-cf\"><div class=\"g-cols vc_row via_flex valign_top type_default stacking_default\"><div class=\"vc_col-sm-12 wpb_column vc_column_container\"><div class=\"vc_column-inner\"><div class=\"wpb_wrapper\"><div class=\"w-separator size_custom\" style=\"height:60px\" id=\"g1f8\"><style>@media(max-width:1024px){ #g1f8{height:30px!important}}@media(max-width:600px){ #g1f8{height:0px!important}}<\/style><\/div><\/div><\/div><\/div><\/div><\/div><\/section><section class=\"l-section wpb_row height_auto\"><div class=\"l-section-h i-cf\"><div class=\"g-cols vc_row via_flex valign_top type_default stacking_default\"><div class=\"vc_col-sm-6 wpb_column vc_column_container\"><div class=\"vc_column-inner\"><div class=\"wpb_wrapper\"><div class=\"w-image us_custom_7892d4c8 align_none\"><div class=\"w-image-h\"><img decoding=\"async\" width=\"900\" height=\"900\" src=\"https:\/\/www.magneticinnovations.com\/wp-content\/uploads\/2023\/07\/vacancies-900x900px.jpg\" class=\"attachment-full size-full\" alt=\"\" loading=\"lazy\" srcset=\"https:\/\/www.magneticinnovations.com\/wp-content\/uploads\/2023\/07\/vacancies-900x900px.jpg 900w, https:\/\/www.magneticinnovations.com\/wp-content\/uploads\/2023\/07\/vacancies-900x900px-300x300.jpg 300w, https:\/\/www.magneticinnovations.com\/wp-content\/uploads\/2023\/07\/vacancies-900x900px-150x150.jpg 150w, https:\/\/www.magneticinnovations.com\/wp-content\/uploads\/2023\/07\/vacancies-900x900px-800x800.jpg 800w\" sizes=\"auto, (max-width: 900px) 100vw, 900px\" \/><\/div><\/div><\/div><\/div><\/div><div class=\"vc_col-sm-6 wpb_column vc_column_container\"><div class=\"vc_column-inner us_custom_8b797dc5\"><div class=\"wpb_wrapper\"><div class=\"wpb_text_column\"><div class=\"wpb_wrapper\"><p>Starten Sie eine Karriere bei Brainport<\/p>\n<\/div><\/div><div class=\"wpb_text_column\"><div class=\"wpb_wrapper\"><h1>Auf der Suche nach<br \/>\nf\u00e4higen Menschen<\/h1>\n<\/div><\/div><div class=\"wpb_text_column\"><div class=\"wpb_wrapper\"><p><strong>Willkommen auf unserer Karriereseite! Wir sind ein dynamisches und schnell wachsendes Technologieunternehmen, das von Innovation und der Leidenschaft, Grenzen zu \u00fcberschreiten, angetrieben wird. Werden Sie Teil unseres dynamischen Teams aus talentierten Menschen, die sich in einem offenen und kollaborativen Umfeld entfalten.<\/strong><\/p>\n<p><strong>Hier finden Sie eine Gemeinschaft technisch kluger K\u00f6pfe, die Herausforderungen annehmen, Kreativit\u00e4t f\u00f6rdern und Wert auf pers\u00f6nliches Wachstum legen. In unserem Unternehmen glauben wir daran, unseren Teammitgliedern die Freiheit zu geben, neue Ideen auszuprobieren und einen sinnvollen Beitrag zu leisten. Gestalten Sie gemeinsam mit uns die Zukunft der Technologie.<\/strong><\/p>\n<\/div><\/div><div class=\"w-separator size_medium\"><\/div><\/div><\/div><\/div><\/div><\/div><\/section><section class=\"l-section wpb_row height_medium\"><div class=\"l-section-h i-cf\"><div class=\"g-cols vc_row via_flex valign_top type_default stacking_default\"><div class=\"vc_col-sm-6 wpb_column vc_column_container\"><div class=\"vc_column-inner\"><div class=\"wpb_wrapper\"><div class=\"w-separator size_small\"><\/div><div class=\"wpb_text_column\"><div class=\"wpb_wrapper\"><h2>Stellenangebote<\/h2>\n<p>Wir freuen uns \u00fcber Ihr Interesse, unserem Team beizutreten. Obwohl wir im Moment keine offenen Stellen haben, sind wir immer auf der Suche nach talentierten Menschen wie Ihnen. Wir empfehlen Ihnen, Ihren Lebenslauf einzureichen.<\/p>\n<p>Wir sch\u00e4tzen proaktive Menschen, die sich f\u00fcr unsere Branche begeistern und daran glauben, etwas zu bewirken. Seien Sie versichert, dass Ihr Lebenslauf sorgf\u00e4ltig gepr\u00fcft wird und wir uns mit Ihnen in Verbindung setzen, sobald eine geeignete Stelle verf\u00fcgbar ist.<\/p>\n<p>Vielen Dank, dass Sie uns als Ihren potenziellen Arbeitgeber in Betracht gezogen haben, und wir freuen uns auf die M\u00f6glichkeit einer Zusammenarbeit.<\/p>\n<\/div><\/div><div class=\"w-btn-wrapper align_right\"><a class=\"w-btn us-btn-style_3\" href=\"\/de\/kontakt\/\"><span class=\"w-btn-label\">Hier bewerben<\/span><\/a><\/div><\/div><\/div><\/div><div class=\"vc_col-sm-6 wpb_column vc_column_container\"><div class=\"vc_column-inner\"><div class=\"wpb_wrapper\"><div class=\"w-image align_none\"><div class=\"w-image-h\"><img decoding=\"async\" width=\"500\" height=\"500\" src=\"https:\/\/www.magneticinnovations.com\/wp-content\/uploads\/2023\/09\/VACANIES-MAGNETIC-INNOVATIONS-500x500.jpg\" class=\"attachment-large size-large\" alt=\"Mitarbeiter magnetische Innovationen\" loading=\"lazy\" srcset=\"https:\/\/www.magneticinnovations.com\/wp-content\/uploads\/2023\/09\/VACANIES-MAGNETIC-INNOVATIONS-500x500.jpg 500w, https:\/\/www.magneticinnovations.com\/wp-content\/uploads\/2023\/09\/VACANIES-MAGNETIC-INNOVATIONS-150x150.jpg 150w, https:\/\/www.magneticinnovations.com\/wp-content\/uploads\/2023\/09\/VACANIES-MAGNETIC-INNOVATIONS-12x12.jpg 12w, https:\/\/www.magneticinnovations.com\/wp-content\/uploads\/2023\/09\/VACANIES-MAGNETIC-INNOVATIONS.jpg 800w\" sizes=\"auto, (max-width: 500px) 100vw, 500px\" \/><\/div><\/div><\/div><\/div><\/div><\/div><\/div><\/section><section class=\"l-section wpb_row height_auto\"><div class=\"l-section-h i-cf\"><div class=\"g-cols vc_row via_flex valign_bottom type_default\"><div class=\"vc_col-sm-12 wpb_column vc_column_container\"><div class=\"vc_column-inner\"><div class=\"wpb_wrapper\"><div class=\"g-cols wpb_row via_flex valign_top type_default stacking_default\" style=\"--additional-gap:1rem;\"><div class=\"vc_col-sm-6 wpb_column vc_column_container\"><div class=\"vc_column-inner\"><div class=\"wpb_wrapper\"><\/div><\/div><\/div><div class=\"vc_col-sm-6 wpb_column vc_column_container\"><div class=\"vc_column-inner\"><div class=\"wpb_wrapper\"><div class=\"wpb_text_column us_custom_0d9e4816 has_text_color\"><div class=\"wpb_wrapper\"><h1>Viele talentierte Leute<br \/>\narbeiten an innovativen L\u00f6sungen<\/h1>\n<\/div><\/div><div class=\"w-separator size_medium\"><\/div><\/div><\/div><\/div><\/div><div class=\"g-cols wpb_row us_custom_85bd25bb via_flex valign_middle type_default\" style=\"--additional-gap:1rem;\"><div class=\"vc_col-sm-4 wpb_column vc_column_container has_bg_color\"><div class=\"vc_column-inner us_custom_f1f0fb75\"><div class=\"wpb_wrapper\"><\/div><\/div><\/div><div class=\"vc_col-sm-8 wpb_column vc_column_container has_bg_color\"><div class=\"vc_column-inner us_custom_2eea9cc9\"><div class=\"wpb_wrapper\"><\/div><\/div><\/div><\/div><div class=\"w-separator size_custom\" style=\"height:2rem\"><\/div><div class=\"g-cols wpb_row via_flex valign_top type_default\" style=\"--additional-gap:1rem;\"><div class=\"vc_col-sm-8 wpb_column vc_column_container has_bg_color\"><div class=\"vc_column-inner us_custom_6a050734\"><div class=\"wpb_wrapper\"><\/div><\/div><\/div><div class=\"vc_col-sm-4 wpb_column vc_column_container has_bg_color\"><div class=\"vc_column-inner us_custom_4894cff6\"><div class=\"wpb_wrapper\"><\/div><\/div><\/div><\/div><div class=\"w-separator size_medium\"><\/div><\/div><\/div><\/div><\/div><\/div><\/section>","protected":false},"excerpt":{"rendered":"Starten Sie eine Karriere bei Brainport Wir suchen f\u00e4hige Mitarbeiter Willkommen auf unserer Karriereseite! Wir sind ein dynamisches und schnell wachsendes Technologieunternehmen, das von Innovation und der Leidenschaft, Grenzen zu \u00fcberschreiten, angetrieben wird. Werden Sie Teil unseres dynamischen Teams aus talentierten Mitarbeitern, die sich in einem offenen und kollaborativen Umfeld wohlf\u00fchlen. Hier finden Sie eine Gemeinschaft von technisch versierten...","protected":false},"author":5,"featured_media":0,"parent":0,"menu_order":0,"comment_status":"closed","ping_status":"closed","template":"","meta":{"_seopress_robots_primary_cat":"","_seopress_titles_title":"Vacancies | Magnetic Innovations | The Direct Drive Motor Company","_seopress_titles_desc":"To\u00a0support our team we are looking for the best people. If you have a passion for engineering and electromechanics, take a look at our vacancies!","_seopress_robots_index":"","content-type":"","footnotes":""},"class_list":["post-26","page","type-page","status-publish","hentry"],"_links":{"self":[{"href":"https:\/\/www.magneticinnovations.com\/de\/wp-json\/wp\/v2\/pages\/26","targetHints":{"allow":["GET"]}}],"collection":[{"href":"https:\/\/www.magneticinnovations.com\/de\/wp-json\/wp\/v2\/pages"}],"about":[{"href":"https:\/\/www.magneticinnovations.com\/de\/wp-json\/wp\/v2\/types\/page"}],"author":[{"embeddable":true,"href":"https:\/\/www.magneticinnovations.com\/de\/wp-json\/wp\/v2\/users\/5"}],"replies":[{"embeddable":true,"href":"https:\/\/www.magneticinnovations.com\/de\/wp-json\/wp\/v2\/comments?post=26"}],"version-history":[{"count":0,"href":"https:\/\/www.magneticinnovations.com\/de\/wp-json\/wp\/v2\/pages\/26\/revisions"}],"wp:attachment":[{"href":"https:\/\/www.magneticinnovations.com\/de\/wp-json\/wp\/v2\/media?parent=26"}],"curies":[{"name":"wp","href":"https:\/\/api.w.org\/{rel}","templated":true}]}}