{"id":16533,"date":"2026-04-20T12:46:21","date_gmt":"2026-04-20T12:46:21","guid":{"rendered":"https:\/\/www.magneticinnovations.com\/?page_id=16533"},"modified":"2026-04-20T12:50:35","modified_gmt":"2026-04-20T12:50:35","slug":"european-ndfeb-magnets-magnet-recycling-solutions","status":"publish","type":"page","link":"https:\/\/www.magneticinnovations.com\/de\/european-ndfeb-magnets-magnet-recycling-solutions\/","title":{"rendered":"European NdFeB Magnets &#038; Magnet Recycling Solutions"},"content":{"rendered":"<section class=\"l-section wpb_row height_auto\"><div class=\"l-section-h i-cf\"><div class=\"g-cols vc_row via_flex valign_top type_default stacking_default\"><div class=\"vc_col-sm-12 wpb_column vc_column_container\"><div class=\"vc_column-inner\"><div class=\"wpb_wrapper\"><div class=\"w-separator size_custom\" style=\"height:20px\"><\/div><nav class=\"g-breadcrumbs separator_custom align_none\" itemscope itemtype=\"http:\/\/schema.org\/BreadcrumbList\"><div class=\"g-breadcrumbs-item\" itemscope itemprop=\"itemListElement\" itemtype=\"http:\/\/schema.org\/ListItem\"><a itemprop=\"item\" href=\"https:\/\/www.magneticinnovations.com\/de\/\"><span itemprop=\"name\">Start<\/span><\/a><meta itemprop=\"position\" content=\"1\"\/><\/div><div class=\"g-breadcrumbs-item\">Seiten<\/div><\/nav><div class=\"w-separator size_custom\" style=\"height:20px\"><\/div><\/div><\/div><\/div><\/div><\/div><\/section><section class=\"l-section wpb_row us_custom_610d0369 height_auto\"><div class=\"l-section-overlay\" style=\"background:#f5f5f5\"><\/div><div class=\"l-section-h i-cf\"><div class=\"g-cols vc_row via_flex valign_top type_default stacking_default\"><div class=\"vc_col-sm-6 wpb_column vc_column_container\"><div class=\"vc_column-inner\"><div class=\"wpb_wrapper\"><div class=\"w-separator size_small\"><\/div><div class=\"w-image align_none\"><div class=\"w-image-h\"><img decoding=\"async\" width=\"500\" height=\"500\" src=\"https:\/\/www.magneticinnovations.com\/wp-content\/uploads\/2026\/04\/European-NdFeB-Magnets-Magnet-Recycling-Solutions.jpg\" class=\"attachment-large size-large\" alt=\"\" loading=\"lazy\" srcset=\"https:\/\/www.magneticinnovations.com\/wp-content\/uploads\/2026\/04\/European-NdFeB-Magnets-Magnet-Recycling-Solutions.jpg 500w, https:\/\/www.magneticinnovations.com\/wp-content\/uploads\/2026\/04\/European-NdFeB-Magnets-Magnet-Recycling-Solutions-150x150.jpg 150w, https:\/\/www.magneticinnovations.com\/wp-content\/uploads\/2026\/04\/European-NdFeB-Magnets-Magnet-Recycling-Solutions-12x12.jpg 12w\" sizes=\"auto, (max-width: 500px) 100vw, 500px\" \/><\/div><\/div><\/div><\/div><\/div><div class=\"vc_col-sm-6 wpb_column vc_column_container\"><div class=\"vc_column-inner us_custom_a5ef9130\"><div class=\"wpb_wrapper\"><div class=\"w-separator size_small\"><\/div><div class=\"wpb_text_column\"><div class=\"wpb_wrapper\"><h1>European NdFeB Magnets &amp; Magnet Recycling Solutions<\/h1>\n<\/div><\/div><div class=\"wpb_text_column\"><div class=\"wpb_wrapper\"><p data-start=\"675\" data-end=\"770\">Magnetic Innovations combines magnet supply and material recovery into one integrated solution.<\/p>\n<p data-start=\"772\" data-end=\"986\">Permanent magnet scrap and end-of-life components can be reintroduced into the supply chain, while at the same time, high-performance NdFeB magnets produced in Europe are made available for industrial applications.<\/p>\n<p data-start=\"988\" data-end=\"1153\">Depending on your situation, this creates different entry points \u2014 whether you are sourcing magnets, managing material streams, or exploring recycling possibilities.<\/p>\n<\/div><\/div><\/div><\/div><\/div><\/div><\/div><\/section><section class=\"l-section wpb_row height_auto\"><div class=\"l-section-h i-cf\"><div class=\"g-cols vc_row via_flex valign_top type_default stacking_default\"><div class=\"vc_col-sm-12 wpb_column vc_column_container\"><div class=\"vc_column-inner\"><div class=\"wpb_wrapper\"><div class=\"w-separator us_custom_2cc16421 size_custom\" style=\"height:2px\"><\/div><div class=\"w-separator size_medium\"><\/div><\/div><\/div><\/div><\/div><\/div><\/section><section class=\"l-section wpb_row height_small\"><div class=\"l-section-h i-cf\"><div class=\"g-cols vc_row via_flex valign_top type_default stacking_default\"><div class=\"vc_col-sm-4 wpb_column vc_column_container\"><div class=\"vc_column-inner us_custom_1b0704fc\"><div class=\"wpb_wrapper\"><div class=\"w-iconbox iconpos_top style_default color_primary align_center no_text no_title\"><div class=\"w-iconbox-icon\" style=\"font-size:5rem;\"><i class=\"fas fa-recycle\"><\/i><\/div><div class=\"w-iconbox-meta\"><\/div><\/div><div class=\"w-separator size_medium\"><\/div><div class=\"wpb_text_column\"><div class=\"wpb_wrapper\"><h2 style=\"text-align: center;\" data-section-id=\"14l3guu\" data-start=\"1194\" data-end=\"1216\">Magnet Recycling Point<\/h2>\n<\/div><\/div><div class=\"wpb_text_column\"><div class=\"wpb_wrapper\"><p style=\"text-align: center;\" data-start=\"1258\" data-end=\"1388\">A collection point for companies regularly face leftover magnets, enabling recovery and reuse of valuable materials.<\/p>\n<\/div><\/div><div class=\"w-separator size_medium\"><\/div><div class=\"w-btn-wrapper align_center\"><a class=\"w-btn us-btn-style_7\" href=\"\/de\/recycling-magnets\/\"><span class=\"w-btn-label\">Mehr erfahren<\/span><\/a><\/div><\/div><\/div><\/div><div class=\"vc_col-sm-4 wpb_column vc_column_container\"><div class=\"vc_column-inner\"><div class=\"wpb_wrapper\"><div class=\"w-iconbox iconpos_top style_default color_primary align_center no_text no_title\"><div class=\"w-iconbox-icon\" style=\"font-size:5rem;\"><i class=\"fas fa-globe-europe\"><\/i><\/div><div class=\"w-iconbox-meta\"><\/div><\/div><div class=\"w-separator size_medium\"><\/div><div class=\"wpb_text_column\"><div class=\"wpb_wrapper\"><h2 style=\"text-align: center;\" data-section-id=\"14l3guu\" data-start=\"1194\" data-end=\"1216\">Europ\u00e4ische NdFeB-Magnete<\/h2>\n<\/div><\/div><div class=\"wpb_text_column\"><div class=\"wpb_wrapper\"><p style=\"text-align: center;\" data-start=\"1573\" data-end=\"1671\">High-performance NdFeB magnets produced in Europe using recycled rare earth materials.<\/p>\n<\/div><\/div><div class=\"w-separator size_medium\"><\/div><div class=\"w-btn-wrapper align_center\"><a class=\"w-btn us-btn-style_7\" href=\"\/de\/kundenspezifischen-loesungen\/\"><span class=\"w-btn-label\">Mehr erfahren<\/span><\/a><\/div><\/div><\/div><\/div><div class=\"vc_col-sm-4 wpb_column vc_column_container\"><div class=\"vc_column-inner\"><div class=\"wpb_wrapper\"><div class=\"w-iconbox iconpos_top style_default color_primary align_center no_text no_title\"><div class=\"w-iconbox-icon\" style=\"font-size:5rem;\"><i class=\"fas fa-tachometer-fastest\"><\/i><\/div><div class=\"w-iconbox-meta\"><\/div><\/div><div class=\"w-separator size_medium\"><\/div><div class=\"wpb_text_column\"><div class=\"wpb_wrapper\"><h2 style=\"text-align: center;\" data-section-id=\"q3wv0a\" data-start=\"1779\" data-end=\"1805\">Wie funktioniert Magnetrecycling?<\/h2>\n<\/div><\/div><div class=\"wpb_text_column\"><div class=\"wpb_wrapper\"><p style=\"text-align: center;\" data-start=\"1844\" data-end=\"1973\">Learn how recovered magnetic material is converted into new magnets through a controlled production route.<\/p>\n<\/div><\/div><div class=\"w-separator size_medium\"><\/div><div class=\"w-btn-wrapper align_center\"><a class=\"w-btn us-btn-style_7\" href=\"\/de\/kundenspezifischen-loesungen\/\"><span class=\"w-btn-label\">Mehr erfahren<\/span><\/a><\/div><\/div><\/div><\/div><\/div><\/div><\/section><section class=\"l-section wpb_row height_auto\"><div class=\"l-section-h i-cf\"><div class=\"g-cols vc_row via_flex valign_top type_default stacking_default\"><div class=\"vc_col-sm-12 wpb_column vc_column_container\"><div class=\"vc_column-inner\"><div class=\"wpb_wrapper\"><div class=\"w-separator us_custom_2cc16421 size_custom\" style=\"height:2px\"><\/div><div class=\"w-separator size_medium\"><\/div><\/div><\/div><\/div><\/div><\/div><\/section><section class=\"l-section wpb_row height_small\"><div class=\"l-section-h i-cf\"><div class=\"g-cols vc_row via_flex valign_top type_default stacking_default\"><div class=\"vc_col-sm-6 wpb_column vc_column_container\"><div class=\"vc_column-inner\"><div class=\"wpb_wrapper\"><\/div><\/div><\/div><div class=\"vc_col-sm-6 wpb_column vc_column_container\"><div class=\"vc_column-inner\"><div class=\"wpb_wrapper\"><div class=\"wpb_text_column\"><div class=\"wpb_wrapper\"><p data-start=\"528\" data-end=\"714\">Whether you are managing magnet scrap, sourcing new magnets or exploring recycling options, each pathway connects to the same goal: enabling a more flexible and controlled magnet supply.<\/p>\n<p data-start=\"716\" data-end=\"865\">By combining European production with material recovery, we help you gain better visibility over origin, availability and long-term sourcing options.<\/p>\n<\/div><\/div><\/div><\/div><\/div><\/div><\/div><\/section><section class=\"l-section wpb_row height_medium\"><div class=\"l-section-h i-cf\"><div class=\"g-cols vc_row via_flex valign_top type_default stacking_default\"><div class=\"vc_col-sm-12 wpb_column vc_column_container\"><div class=\"vc_column-inner\"><div class=\"wpb_wrapper\"><div class=\"w-separator size_medium\"><\/div><section class=\"l-section wpb_row height_medium color_alternate\"><div class=\"l-section-h i-cf\"><div class=\"g-cols vc_row via_flex valign_top type_boxes stacking_default\" style=\"--additional-gap:3rem;\"><div class=\"vc_col-sm-6 wpb_column vc_column_container\"><div class=\"vc_column-inner us_custom_0d2adaf3\"><div class=\"wpb_wrapper\"><div class=\"wpb_text_column\"><div class=\"wpb_wrapper\"><h6 class=\"translation-block\">Kontaktieren Sie unser Support Team<\/h6>\n<p>Wenn Sie ein Angebot anfordern m\u00f6chten, eine Frage zu unseren Produkten haben oder wissen m\u00f6chten was wir speziell f\u00fcr Sie tun k\u00f6nnen, kontaktieren Sie uns bitte. Wir werden so schnell wie m\u00f6glich antworten.<\/p>\n<\/div><\/div><\/div><\/div><\/div><div class=\"vc_col-sm-6 wpb_column vc_column_container\"><div class=\"vc_column-inner\"><div class=\"wpb_wrapper\"><div class=\"wpb_text_column\"><div class=\"wpb_wrapper\">\n\t\t\t\t\t\t<script>\n\t\t\t\t\t\t\twindow.hsFormsOnReady = window.hsFormsOnReady || [];\n\t\t\t\t\t\t\twindow.hsFormsOnReady.push(()=>{\n\t\t\t\t\t\t\t\thbspt.forms.create({\n\t\t\t\t\t\t\t\t\tportalId: 2931142,\n\t\t\t\t\t\t\t\t\tformId: \"12740870-516e-4504-840a-995009bd3952\",\n\t\t\t\t\t\t\t\t\ttarget: \"#hbspt-form-1776876328000-6586843768\",\n\t\t\t\t\t\t\t\t\tregion: \"na1\",\n\t\t\t\t\t\t\t\t\t\n\t\t\t\t\t\t\t})});\n\t\t\t\t\t\t<\/script>\n\t\t\t\t\t\t<div class=\"hbspt-form\" id=\"hbspt-form-1776876328000-6586843768\"><\/div>\n<\/div><\/div><\/div><\/div><\/div><\/div><\/div><\/section>\n<\/div><\/div><\/div><\/div><\/div><\/section>","protected":false},"excerpt":{"rendered":"StartSeitenEuropean NdFeB Magnets &amp; Magnet Recycling Solutions Magnetic Innovations combines magnet supply and material recovery into one integrated solution. Permanent magnet scrap and end-of-life components can be reintroduced into the supply chain, while at the same time, high-performance NdFeB magnets produced in Europe are made available for industrial applications. Depending on your situation, this creates...","protected":false},"author":6,"featured_media":0,"parent":0,"menu_order":0,"comment_status":"closed","ping_status":"closed","template":"","meta":{"_seopress_robots_primary_cat":"","_seopress_titles_title":"","_seopress_titles_desc":"","_seopress_robots_index":"","content-type":"","footnotes":""},"class_list":["post-16533","page","type-page","status-publish","hentry"],"_links":{"self":[{"href":"https:\/\/www.magneticinnovations.com\/de\/wp-json\/wp\/v2\/pages\/16533","targetHints":{"allow":["GET"]}}],"collection":[{"href":"https:\/\/www.magneticinnovations.com\/de\/wp-json\/wp\/v2\/pages"}],"about":[{"href":"https:\/\/www.magneticinnovations.com\/de\/wp-json\/wp\/v2\/types\/page"}],"author":[{"embeddable":true,"href":"https:\/\/www.magneticinnovations.com\/de\/wp-json\/wp\/v2\/users\/6"}],"replies":[{"embeddable":true,"href":"https:\/\/www.magneticinnovations.com\/de\/wp-json\/wp\/v2\/comments?post=16533"}],"version-history":[{"count":23,"href":"https:\/\/www.magneticinnovations.com\/de\/wp-json\/wp\/v2\/pages\/16533\/revisions"}],"predecessor-version":[{"id":16561,"href":"https:\/\/www.magneticinnovations.com\/de\/wp-json\/wp\/v2\/pages\/16533\/revisions\/16561"}],"wp:attachment":[{"href":"https:\/\/www.magneticinnovations.com\/de\/wp-json\/wp\/v2\/media?parent=16533"}],"curies":[{"name":"wp","href":"https:\/\/api.w.org\/{rel}","templated":true}]}}