{"id":16306,"date":"2026-01-22T08:48:57","date_gmt":"2026-01-22T08:48:57","guid":{"rendered":"https:\/\/www.magneticinnovations.com\/?page_id=16306"},"modified":"2026-01-27T09:52:50","modified_gmt":"2026-01-27T09:52:50","slug":"scrap-magnet-price","status":"publish","type":"page","link":"https:\/\/www.magneticinnovations.com\/de\/scrap-magnet-price\/","title":{"rendered":"Wert gebrauchter Magnete \/ Magnet-Schrottpreis"},"content":{"rendered":"<section class=\"l-section wpb_row height_auto\"><div class=\"l-section-h i-cf\"><div class=\"g-cols vc_row via_flex valign_top type_default stacking_default\"><div class=\"vc_col-sm-12 wpb_column vc_column_container\"><div class=\"vc_column-inner\"><div class=\"wpb_wrapper\"><div class=\"w-separator size_custom\" style=\"height:60px\" id=\"x4c8\"><style>@media(max-width:1024px){ #x4c8{height:30px!important}}@media(max-width:600px){ #x4c8{height:0px!important}}<\/style><\/div><div class=\"w-image align_none\"><div class=\"w-image-h\"><img fetchpriority=\"high\" decoding=\"async\" width=\"1400\" height=\"500\" src=\"https:\/\/www.magneticinnovations.com\/wp-content\/uploads\/2026\/01\/Scrap-magnet-price.jpg\" class=\"attachment-full size-full\" alt=\"\" loading=\"eager\" srcset=\"https:\/\/www.magneticinnovations.com\/wp-content\/uploads\/2026\/01\/Scrap-magnet-price.jpg 1400w, https:\/\/www.magneticinnovations.com\/wp-content\/uploads\/2026\/01\/Scrap-magnet-price-18x6.jpg 18w, https:\/\/www.magneticinnovations.com\/wp-content\/uploads\/2026\/01\/Scrap-magnet-price-1000x357.jpg 1000w\" sizes=\"(max-width: 1400px) 100vw, 1400px\" \/><\/div><\/div><\/div><\/div><\/div><\/div><\/div><\/section><section class=\"l-section wpb_row us_custom_ea15b364 height_medium\"><div class=\"l-section-h i-cf\"><div class=\"g-cols vc_row via_flex valign_top type_default stacking_default\"><div class=\"vc_col-sm-6 wpb_column vc_column_container\"><div class=\"vc_column-inner us_custom_8e915e80\"><div class=\"wpb_wrapper\"><div class=\"wpb_text_column us_custom_54456bbe\"><div class=\"wpb_wrapper\"><h1>Wert gebrauchter Magnete \/ Magnet-Schrottpreis<\/h1>\n<\/div><\/div><\/div><\/div><\/div><div class=\"vc_col-sm-6 wpb_column vc_column_container\"><div class=\"vc_column-inner us_custom_a5ef9130\"><div class=\"wpb_wrapper\"><div class=\"wpb_text_column\"><div class=\"wpb_wrapper\"><p>Sie suchen den aktuellen Preis f\u00fcr gebrauchte Magnete? Unser Recyclingzentrum ist auf den Ankauf und das Recycling von Seltenerdmagneten, darunter Neodym-Magnete, aus Industrie, Elektronik und Fertigung spezialisiert. Der Wert von Magnet-Schrott richtet sich nach Materialart, Menge und aktueller Marktlage.<\/p>\n<\/div><\/div><\/div><\/div><\/div><\/div><\/div><\/section><section class=\"l-section wpb_row height_auto\"><div class=\"l-section-h i-cf\"><div class=\"g-cols vc_row via_flex valign_top type_default stacking_default\"><div class=\"vc_col-sm-3 wpb_column vc_column_container\"><div class=\"vc_column-inner\"><div class=\"wpb_wrapper\"><\/div><\/div><\/div><div class=\"vc_col-sm-9 wpb_column vc_column_container\"><div class=\"vc_column-inner\"><div class=\"vc_column-overlay\" style=\"background:#f5f5f5\"><\/div><div class=\"wpb_wrapper\"><div class=\"w-separator size_small\"><\/div><div class=\"wpb_text_column us_custom_54456bbe\"><div class=\"wpb_wrapper\"><h2 style=\"text-align: left;\">Kontaktieren Sie uns noch heute f\u00fcr ein Angebot f\u00fcr Ihre gebrauchten Magnete.<\/h2>\n<\/div><\/div><div class=\"wpb_text_column\"><div class=\"wpb_wrapper\"><p>F\u00fcr ein individuelles und wettbewerbsf\u00e4higes Angebot f\u00fcllen Sie bitte unser Kontaktformular aus. Unser Team pr\u00fcft Ihre Angaben sorgf\u00e4ltig und ermittelt den aktuellen Schrottpreis f\u00fcr Ihre Magnete.<\/p>\n<p>Wir stehen f\u00fcr transparente Preise, eine professionelle Abwicklung und ein umweltgerechtes Recycling von Seltenerdmagneten.<\/p>\n<\/div><\/div><div class=\"wpb_text_column\"><div class=\"wpb_wrapper\">\n\t\t\t\t\t\t<script>\n\t\t\t\t\t\t\twindow.hsFormsOnReady = window.hsFormsOnReady || [];\n\t\t\t\t\t\t\twindow.hsFormsOnReady.push(()=>{\n\t\t\t\t\t\t\t\thbspt.forms.create({\n\t\t\t\t\t\t\t\t\tportalId: 2931142,\n\t\t\t\t\t\t\t\t\tformId: \"fe15bb3c-2e35-47ee-baf1-0a1065c39e17\",\n\t\t\t\t\t\t\t\t\ttarget: \"#hbspt-form-1778845221000-2321947297\",\n\t\t\t\t\t\t\t\t\tregion: \"na1\",\n\t\t\t\t\t\t\t\t\t\n\t\t\t\t\t\t\t})});\n\t\t\t\t\t\t<\/script>\n\t\t\t\t\t\t<div class=\"hbspt-form\" id=\"hbspt-form-1778845221000-2321947297\"><\/div>\n<\/div><\/div><div class=\"w-separator size_small\"><\/div><\/div><\/div><\/div><\/div><\/div><\/section><section class=\"l-section wpb_row height_medium\"><div class=\"l-section-h i-cf\"><div class=\"g-cols vc_row via_flex valign_top type_default stacking_default\"><div class=\"vc_col-sm-12 wpb_column vc_column_container\"><div class=\"vc_column-inner\"><div class=\"wpb_wrapper\"><div class=\"w-separator size_medium\"><\/div><div class=\"wpb_text_column us_custom_0d9e4816 has_text_color\"><div class=\"wpb_wrapper\"><h1 style=\"text-align: center;\">Unser Support-Team wird sich bei Ihnen melden<\/h1>\n<\/div><\/div><div class=\"w-separator size_medium\"><\/div><div class=\"g-cols wpb_row via_flex valign_top type_default stacking_default\"><div class=\"vc_col-sm-4 wpb_column vc_column_container\"><div class=\"vc_column-inner\"><div class=\"wpb_wrapper\"><div class=\"w-image align_none\"><div class=\"w-image-h\"><img decoding=\"async\" width=\"800\" height=\"800\" src=\"https:\/\/www.magneticinnovations.com\/wp-content\/uploads\/2023\/06\/Said-800x800px.jpg\" class=\"attachment-full size-full\" alt=\"\" loading=\"lazy\" srcset=\"https:\/\/www.magneticinnovations.com\/wp-content\/uploads\/2023\/06\/Said-800x800px.jpg 800w, https:\/\/www.magneticinnovations.com\/wp-content\/uploads\/2023\/06\/Said-800x800px-300x300.jpg 300w, https:\/\/www.magneticinnovations.com\/wp-content\/uploads\/2023\/06\/Said-800x800px-150x150.jpg 150w\" sizes=\"auto, (max-width: 800px) 100vw, 800px\" \/><\/div><\/div><div class=\"w-separator size_medium\"><\/div><div class=\"wpb_text_column us_custom_c901145c\"><div class=\"wpb_wrapper\"><h3>Sa\u00efd Lafkiri<\/h3>\n<\/div><\/div><div class=\"wpb_text_column us_custom_0d9e4816 has_text_color\"><div class=\"wpb_wrapper\"><p>Verkaufsingenieur<\/p>\n<\/div><\/div><\/div><\/div><\/div><div class=\"vc_col-sm-4 wpb_column vc_column_container\"><div class=\"vc_column-inner\"><div class=\"wpb_wrapper\"><div class=\"w-image align_none\"><div class=\"w-image-h\"><img decoding=\"async\" width=\"800\" height=\"800\" src=\"https:\/\/www.magneticinnovations.com\/wp-content\/uploads\/2023\/06\/Priscilla-800x800px.jpg\" class=\"attachment-full size-full\" alt=\"\" loading=\"lazy\" srcset=\"https:\/\/www.magneticinnovations.com\/wp-content\/uploads\/2023\/06\/Priscilla-800x800px.jpg 800w, https:\/\/www.magneticinnovations.com\/wp-content\/uploads\/2023\/06\/Priscilla-800x800px-300x300.jpg 300w, https:\/\/www.magneticinnovations.com\/wp-content\/uploads\/2023\/06\/Priscilla-800x800px-150x150.jpg 150w\" sizes=\"auto, (max-width: 800px) 100vw, 800px\" \/><\/div><\/div><div class=\"w-separator size_medium\"><\/div><div class=\"wpb_text_column us_custom_c901145c\"><div class=\"wpb_wrapper\"><h3>Priscilla van der Kleij<\/h3>\n<\/div><\/div><div class=\"wpb_text_column us_custom_0d9e4816 has_text_color\"><div class=\"wpb_wrapper\"><p>Marketing- und Vertriebsspezialist<\/p>\n<\/div><\/div><\/div><\/div><\/div><div class=\"vc_col-sm-4 wpb_column vc_column_container\"><div class=\"vc_column-inner\"><div class=\"wpb_wrapper\"><div class=\"w-image align_none\"><div class=\"w-image-h\"><img decoding=\"async\" width=\"800\" height=\"800\" src=\"https:\/\/www.magneticinnovations.com\/wp-content\/uploads\/2023\/06\/Cor-800x800px.jpg\" class=\"attachment-full size-full\" alt=\"\" loading=\"lazy\" srcset=\"https:\/\/www.magneticinnovations.com\/wp-content\/uploads\/2023\/06\/Cor-800x800px.jpg 800w, https:\/\/www.magneticinnovations.com\/wp-content\/uploads\/2023\/06\/Cor-800x800px-300x300.jpg 300w, https:\/\/www.magneticinnovations.com\/wp-content\/uploads\/2023\/06\/Cor-800x800px-150x150.jpg 150w\" sizes=\"auto, (max-width: 800px) 100vw, 800px\" \/><\/div><\/div><div class=\"w-separator size_medium\"><\/div><div class=\"wpb_text_column us_custom_c901145c\"><div class=\"wpb_wrapper\"><h3>Cor van den Heuvel<\/h3>\n<\/div><\/div><div class=\"wpb_text_column us_custom_0d9e4816 has_text_color\"><div class=\"wpb_wrapper\"><p>Direktor Vertrieb und Marketing<\/p>\n<\/div><\/div><\/div><\/div><\/div><\/div><div class=\"w-separator size_medium\"><\/div><\/div><\/div><\/div><\/div><\/div><\/section>","protected":false},"excerpt":{"rendered":"Scrap Magnet Price Looking for the current scrap magnet price? At our recycling point, we specialize in the purchase and recycling of rare earth scrap magnets, including neodymium magnets from industrial, electronic, and manufacturing sources. Prices for scrap magnets vary depending on material type, quantity, and market conditions. Contact us today to get your scrap...","protected":false},"author":6,"featured_media":0,"parent":0,"menu_order":0,"comment_status":"closed","ping_status":"closed","template":"","meta":{"_seopress_robots_primary_cat":"","_seopress_titles_title":"","_seopress_titles_desc":"","_seopress_robots_index":"","content-type":"","footnotes":""},"class_list":["post-16306","page","type-page","status-publish","hentry"],"_links":{"self":[{"href":"https:\/\/www.magneticinnovations.com\/de\/wp-json\/wp\/v2\/pages\/16306","targetHints":{"allow":["GET"]}}],"collection":[{"href":"https:\/\/www.magneticinnovations.com\/de\/wp-json\/wp\/v2\/pages"}],"about":[{"href":"https:\/\/www.magneticinnovations.com\/de\/wp-json\/wp\/v2\/types\/page"}],"author":[{"embeddable":true,"href":"https:\/\/www.magneticinnovations.com\/de\/wp-json\/wp\/v2\/users\/6"}],"replies":[{"embeddable":true,"href":"https:\/\/www.magneticinnovations.com\/de\/wp-json\/wp\/v2\/comments?post=16306"}],"version-history":[{"count":4,"href":"https:\/\/www.magneticinnovations.com\/de\/wp-json\/wp\/v2\/pages\/16306\/revisions"}],"predecessor-version":[{"id":16336,"href":"https:\/\/www.magneticinnovations.com\/de\/wp-json\/wp\/v2\/pages\/16306\/revisions\/16336"}],"wp:attachment":[{"href":"https:\/\/www.magneticinnovations.com\/de\/wp-json\/wp\/v2\/media?parent=16306"}],"curies":[{"name":"wp","href":"https:\/\/api.w.org\/{rel}","templated":true}]}}